{"id":581,"date":"2025-01-03T10:02:31","date_gmt":"2025-01-03T10:02:31","guid":{"rendered":"https:\/\/enecestudio.es\/?page_id=581"},"modified":"2025-01-14T15:58:45","modified_gmt":"2025-01-14T15:58:45","slug":"claudia-palacios-beauty","status":"publish","type":"page","link":"https:\/\/enecestudio.es\/?page_id=581","title":{"rendered":"Claudia Palacios Beauty"},"content":{"rendered":"\t\t<div data-elementor-type=\"wp-page\" data-elementor-id=\"581\" class=\"elementor elementor-581\" data-elementor-post-type=\"page\">\n\t\t\t\t<div class=\"elementor-element elementor-element-0fbf9c6 e-flex e-con-boxed e-con e-parent\" data-id=\"0fbf9c6\" data-element_type=\"container\">\n\t\t\t\t\t<div class=\"e-con-inner\">\n\t\t<div class=\"elementor-element elementor-element-e9134e2 e-con-full e-flex e-con e-child\" data-id=\"e9134e2\" data-element_type=\"container\">\n\t\t\t\t<div class=\"elementor-element elementor-element-2ffee60 elementor-widget elementor-widget-image\" data-id=\"2ffee60\" data-element_type=\"widget\" data-widget_type=\"image.default\">\n\t\t\t\t<div class=\"elementor-widget-container\">\n\t\t\t\t\t\t\t\t\t\t\t\t\t\t\t<img fetchpriority=\"high\" decoding=\"async\" width=\"1024\" height=\"1024\" src=\"https:\/\/enecestudio.es\/wp-content\/uploads\/2024\/12\/Tarjeton-Estetica_1-1024x1024.png\" class=\"attachment-large size-large wp-image-423\" alt=\"\" srcset=\"https:\/\/enecestudio.es\/wp-content\/uploads\/2024\/12\/Tarjeton-Estetica_1-1024x1024.png 1024w, https:\/\/enecestudio.es\/wp-content\/uploads\/2024\/12\/Tarjeton-Estetica_1-300x300.png 300w, https:\/\/enecestudio.es\/wp-content\/uploads\/2024\/12\/Tarjeton-Estetica_1-150x150.png 150w, https:\/\/enecestudio.es\/wp-content\/uploads\/2024\/12\/Tarjeton-Estetica_1-768x768.png 768w, https:\/\/enecestudio.es\/wp-content\/uploads\/2024\/12\/Tarjeton-Estetica_1-1536x1536.png 1536w, https:\/\/enecestudio.es\/wp-content\/uploads\/2024\/12\/Tarjeton-Estetica_1-2048x2048.png 2048w\" sizes=\"(max-width: 1024px) 100vw, 1024px\" \/>\t\t\t\t\t\t\t\t\t\t\t\t\t\t\t<\/div>\n\t\t\t\t<\/div>\n\t\t\t\t<div class=\"elementor-element elementor-element-242936d elementor-widget elementor-widget-image\" data-id=\"242936d\" data-element_type=\"widget\" data-widget_type=\"image.default\">\n\t\t\t\t<div class=\"elementor-widget-container\">\n\t\t\t\t\t\t\t\t\t\t\t\t\t\t\t<img decoding=\"async\" width=\"1024\" height=\"862\" src=\"https:\/\/enecestudio.es\/wp-content\/uploads\/2025\/01\/mockup-ficha-1024x862.png\" class=\"attachment-large size-large wp-image-584\" alt=\"\" srcset=\"https:\/\/enecestudio.es\/wp-content\/uploads\/2025\/01\/mockup-ficha-1024x862.png 1024w, https:\/\/enecestudio.es\/wp-content\/uploads\/2025\/01\/mockup-ficha-300x253.png 300w, https:\/\/enecestudio.es\/wp-content\/uploads\/2025\/01\/mockup-ficha-768x646.png 768w, https:\/\/enecestudio.es\/wp-content\/uploads\/2025\/01\/mockup-ficha-1536x1293.png 1536w, https:\/\/enecestudio.es\/wp-content\/uploads\/2025\/01\/mockup-ficha-2048x1724.png 2048w\" sizes=\"(max-width: 1024px) 100vw, 1024px\" \/>\t\t\t\t\t\t\t\t\t\t\t\t\t\t\t<\/div>\n\t\t\t\t<\/div>\n\t\t\t\t<div class=\"elementor-element elementor-element-80403a2 elementor-widget elementor-widget-image\" data-id=\"80403a2\" data-element_type=\"widget\" data-widget_type=\"image.default\">\n\t\t\t\t<div class=\"elementor-widget-container\">\n\t\t\t\t\t\t\t\t\t\t\t\t\t\t\t<img decoding=\"async\" width=\"1024\" height=\"1024\" src=\"https:\/\/enecestudio.es\/wp-content\/uploads\/2025\/01\/Tarjeton-Makeup_Mesa-de-trabajo-1-1024x1024.png\" class=\"attachment-large size-large wp-image-583\" alt=\"\" srcset=\"https:\/\/enecestudio.es\/wp-content\/uploads\/2025\/01\/Tarjeton-Makeup_Mesa-de-trabajo-1-1024x1024.png 1024w, https:\/\/enecestudio.es\/wp-content\/uploads\/2025\/01\/Tarjeton-Makeup_Mesa-de-trabajo-1-300x300.png 300w, https:\/\/enecestudio.es\/wp-content\/uploads\/2025\/01\/Tarjeton-Makeup_Mesa-de-trabajo-1-150x150.png 150w, https:\/\/enecestudio.es\/wp-content\/uploads\/2025\/01\/Tarjeton-Makeup_Mesa-de-trabajo-1-768x768.png 768w, https:\/\/enecestudio.es\/wp-content\/uploads\/2025\/01\/Tarjeton-Makeup_Mesa-de-trabajo-1-1536x1536.png 1536w, https:\/\/enecestudio.es\/wp-content\/uploads\/2025\/01\/Tarjeton-Makeup_Mesa-de-trabajo-1-2048x2048.png 2048w\" sizes=\"(max-width: 1024px) 100vw, 1024px\" \/>\t\t\t\t\t\t\t\t\t\t\t\t\t\t\t<\/div>\n\t\t\t\t<\/div>\n\t\t\t\t<div class=\"elementor-element elementor-element-f0f97e4 elementor-widget elementor-widget-image\" data-id=\"f0f97e4\" data-element_type=\"widget\" data-widget_type=\"image.default\">\n\t\t\t\t<div class=\"elementor-widget-container\">\n\t\t\t\t\t\t\t\t\t\t\t\t\t\t\t<img loading=\"lazy\" decoding=\"async\" width=\"1024\" height=\"925\" src=\"https:\/\/enecestudio.es\/wp-content\/uploads\/2025\/01\/tarjetas-mockup-1024x925.png\" class=\"attachment-large size-large wp-image-585\" alt=\"\" srcset=\"https:\/\/enecestudio.es\/wp-content\/uploads\/2025\/01\/tarjetas-mockup-1024x925.png 1024w, https:\/\/enecestudio.es\/wp-content\/uploads\/2025\/01\/tarjetas-mockup-300x271.png 300w, https:\/\/enecestudio.es\/wp-content\/uploads\/2025\/01\/tarjetas-mockup-768x694.png 768w, https:\/\/enecestudio.es\/wp-content\/uploads\/2025\/01\/tarjetas-mockup-1536x1387.png 1536w, https:\/\/enecestudio.es\/wp-content\/uploads\/2025\/01\/tarjetas-mockup.png 1557w\" sizes=\"(max-width: 1024px) 100vw, 1024px\" \/>\t\t\t\t\t\t\t\t\t\t\t\t\t\t\t<\/div>\n\t\t\t\t<\/div>\n\t\t\t\t<\/div>\n\t\t<div class=\"elementor-element elementor-element-0e8443d e-con-full e-flex e-con e-child\" data-id=\"0e8443d\" data-element_type=\"container\">\n\t\t\t\t<div class=\"elementor-element elementor-element-0de265b elementor-widget elementor-widget-spacer\" data-id=\"0de265b\" data-element_type=\"widget\" data-widget_type=\"spacer.default\">\n\t\t\t\t<div class=\"elementor-widget-container\">\n\t\t\t\t\t\t\t<div class=\"elementor-spacer\">\n\t\t\t<div class=\"elementor-spacer-inner\"><\/div>\n\t\t<\/div>\n\t\t\t\t\t\t<\/div>\n\t\t\t\t<\/div>\n\t\t\t\t<div class=\"elementor-element elementor-element-20fe496 elementor-widget elementor-widget-heading\" data-id=\"20fe496\" data-element_type=\"widget\" data-widget_type=\"heading.default\">\n\t\t\t\t<div class=\"elementor-widget-container\">\n\t\t\t\t\t<h2 class=\"elementor-heading-title elementor-size-default\">Claudia Palacios Beauty<\/h2>\t\t\t\t<\/div>\n\t\t\t\t<\/div>\n\t\t\t\t<div class=\"elementor-element elementor-element-0f3c3af elementor-widget elementor-widget-heading\" data-id=\"0f3c3af\" data-element_type=\"widget\" data-widget_type=\"heading.default\">\n\t\t\t\t<div class=\"elementor-widget-container\">\n\t\t\t\t\t<h2 class=\"elementor-heading-title elementor-size-default\">\/ MAKEUP ARTIST &amp; BEAUTY<\/h2>\t\t\t\t<\/div>\n\t\t\t\t<\/div>\n\t\t\t\t<div class=\"elementor-element elementor-element-671dda4 elementor-widget elementor-widget-text-editor\" data-id=\"671dda4\" data-element_type=\"widget\" data-widget_type=\"text-editor.default\">\n\t\t\t\t<div class=\"elementor-widget-container\">\n\t\t\t\t\t\t\t\t\t<p>Nuestro objetivo fue crear una identidad visual con una est\u00e9tica limpia y sofisticada que refleje la esencia del trabajo de Claudia: pulcritud, profesionalidad y un toque exclusivo.&nbsp;<\/p>\t\t\t\t\t\t\t\t<\/div>\n\t\t\t\t<\/div>\n\t\t\t\t<div class=\"elementor-element elementor-element-8b73703 elementor-widget elementor-widget-text-editor\" data-id=\"8b73703\" data-element_type=\"widget\" data-widget_type=\"text-editor.default\">\n\t\t\t\t<div class=\"elementor-widget-container\">\n\t\t\t\t\t\t\t\t\t<p>El uso predominante de blancos y dorados refleja el lujo y elegancia que tanto caracterizan al sector.<\/p><p>En cuanto al logotipo, se quer\u00eda diferenciar entre las dos ramas en las que trabaja (maquillaje y est\u00e9tica). Por ello, dise\u00f1amos una flor de loto para la rama de la est\u00e9tica avanzada (s\u00edmbolo de belleza y pureza), mientras que para la rama del maquillaje, dise\u00f1amos una fusi\u00f3n entre sus iniciales d\u00e1ndole as\u00ed un enfoque mucho m\u00e1s personal.<\/p><p>Ambos logotipos van acompa\u00f1ados de las mismas tipograf\u00edas y colores para mantener la misma esencia de sofisticaci\u00f3n, delicadeza y profesionalismo.<\/p>\t\t\t\t\t\t\t\t<\/div>\n\t\t\t\t<\/div>\n\t\t\t\t<\/div>\n\t\t\t\t\t<\/div>\n\t\t\t\t<\/div>\n\t\t\t\t<\/div>\n\t\t","protected":false},"excerpt":{"rendered":"<p>Claudia Palacios Beauty \/ MAKEUP ARTIST &amp; BEAUTY Nuestro objetivo fue crear una identidad visual con una est\u00e9tica limpia y [&hellip;]<\/p>\n","protected":false},"author":1,"featured_media":0,"parent":0,"menu_order":0,"comment_status":"closed","ping_status":"closed","template":"","meta":{"site-sidebar-layout":"no-sidebar","site-content-layout":"","ast-site-content-layout":"full-width-container","site-content-style":"default","site-sidebar-style":"default","ast-global-header-display":"","ast-banner-title-visibility":"","ast-main-header-display":"","ast-hfb-above-header-display":"","ast-hfb-below-header-display":"","ast-hfb-mobile-header-display":"","site-post-title":"disabled","ast-breadcrumbs-content":"","ast-featured-img":"disabled","footer-sml-layout":"","theme-transparent-header-meta":"","adv-header-id-meta":"","stick-header-meta":"","header-above-stick-meta":"","header-main-stick-meta":"","header-below-stick-meta":"","astra-migrate-meta-layouts":"default","ast-page-background-enabled":"default","ast-page-background-meta":{"desktop":{"background-color":"var(--ast-global-color-4)","background-image":"","background-repeat":"repeat","background-position":"center center","background-size":"auto","background-attachment":"scroll","background-type":"","background-media":"","overlay-type":"","overlay-color":"","overlay-opacity":"","overlay-gradient":""},"tablet":{"background-color":"","background-image":"","background-repeat":"repeat","background-position":"center center","background-size":"auto","background-attachment":"scroll","background-type":"","background-media":"","overlay-type":"","overlay-color":"","overlay-opacity":"","overlay-gradient":""},"mobile":{"background-color":"","background-image":"","background-repeat":"repeat","background-position":"center center","background-size":"auto","background-attachment":"scroll","background-type":"","background-media":"","overlay-type":"","overlay-color":"","overlay-opacity":"","overlay-gradient":""}},"ast-content-background-meta":{"desktop":{"background-color":"var(--ast-global-color-5)","background-image":"","background-repeat":"repeat","background-position":"center center","background-size":"auto","background-attachment":"scroll","background-type":"","background-media":"","overlay-type":"","overlay-color":"","overlay-opacity":"","overlay-gradient":""},"tablet":{"background-color":"var(--ast-global-color-5)","background-image":"","background-repeat":"repeat","background-position":"center center","background-size":"auto","background-attachment":"scroll","background-type":"","background-media":"","overlay-type":"","overlay-color":"","overlay-opacity":"","overlay-gradient":""},"mobile":{"background-color":"var(--ast-global-color-5)","background-image":"","background-repeat":"repeat","background-position":"center center","background-size":"auto","background-attachment":"scroll","background-type":"","background-media":"","overlay-type":"","overlay-color":"","overlay-opacity":"","overlay-gradient":""}},"footnotes":""},"class_list":["post-581","page","type-page","status-publish","hentry"],"yoast_head":"<!-- This site is optimized with the Yoast SEO plugin v25.3.1 - https:\/\/yoast.com\/wordpress\/plugins\/seo\/ -->\n<title>Claudia Palacios Beauty - Enece Studio<\/title>\n<meta name=\"robots\" content=\"index, follow, max-snippet:-1, max-image-preview:large, max-video-preview:-1\" \/>\n<link rel=\"canonical\" href=\"https:\/\/enecestudio.es\/?page_id=581\" \/>\n<meta property=\"og:locale\" content=\"en_US\" \/>\n<meta property=\"og:type\" content=\"article\" \/>\n<meta property=\"og:title\" content=\"Claudia Palacios Beauty - Enece Studio\" \/>\n<meta property=\"og:description\" content=\"Claudia Palacios Beauty \/ MAKEUP ARTIST &amp; BEAUTY Nuestro objetivo fue crear una identidad visual con una est\u00e9tica limpia y [&hellip;]\" \/>\n<meta property=\"og:url\" content=\"https:\/\/enecestudio.es\/?page_id=581\" \/>\n<meta property=\"og:site_name\" content=\"Enece Studio\" \/>\n<meta property=\"article:publisher\" content=\"https:\/\/facebook.com\/enece.studio\" \/>\n<meta property=\"article:modified_time\" content=\"2025-01-14T15:58:45+00:00\" \/>\n<meta property=\"og:image\" content=\"https:\/\/enecestudio.es\/wp-content\/uploads\/2024\/12\/Tarjeton-Estetica_1-1024x1024.png\" \/>\n\t<meta property=\"og:image:width\" content=\"1024\" \/>\n\t<meta property=\"og:image:height\" content=\"1024\" \/>\n\t<meta property=\"og:image:type\" content=\"image\/png\" \/>\n<meta name=\"twitter:card\" content=\"summary_large_image\" \/>\n<meta name=\"twitter:label1\" content=\"Est. reading time\" \/>\n\t<meta name=\"twitter:data1\" content=\"1 minute\" \/>\n<script type=\"application\/ld+json\" class=\"yoast-schema-graph\">{\"@context\":\"https:\/\/schema.org\",\"@graph\":[{\"@type\":\"WebPage\",\"@id\":\"https:\/\/enecestudio.es\/?page_id=581\",\"url\":\"https:\/\/enecestudio.es\/?page_id=581\",\"name\":\"Claudia Palacios Beauty - Enece Studio\",\"isPartOf\":{\"@id\":\"https:\/\/enecestudio.es\/#website\"},\"primaryImageOfPage\":{\"@id\":\"https:\/\/enecestudio.es\/?page_id=581#primaryimage\"},\"image\":{\"@id\":\"https:\/\/enecestudio.es\/?page_id=581#primaryimage\"},\"thumbnailUrl\":\"https:\/\/enecestudio.es\/wp-content\/uploads\/2024\/12\/Tarjeton-Estetica_1-1024x1024.png\",\"datePublished\":\"2025-01-03T10:02:31+00:00\",\"dateModified\":\"2025-01-14T15:58:45+00:00\",\"breadcrumb\":{\"@id\":\"https:\/\/enecestudio.es\/?page_id=581#breadcrumb\"},\"inLanguage\":\"en-US\",\"potentialAction\":[{\"@type\":\"ReadAction\",\"target\":[\"https:\/\/enecestudio.es\/?page_id=581\"]}]},{\"@type\":\"ImageObject\",\"inLanguage\":\"en-US\",\"@id\":\"https:\/\/enecestudio.es\/?page_id=581#primaryimage\",\"url\":\"https:\/\/enecestudio.es\/wp-content\/uploads\/2024\/12\/Tarjeton-Estetica_1.png\",\"contentUrl\":\"https:\/\/enecestudio.es\/wp-content\/uploads\/2024\/12\/Tarjeton-Estetica_1.png\",\"width\":4500,\"height\":4500},{\"@type\":\"BreadcrumbList\",\"@id\":\"https:\/\/enecestudio.es\/?page_id=581#breadcrumb\",\"itemListElement\":[{\"@type\":\"ListItem\",\"position\":1,\"name\":\"Portada\",\"item\":\"https:\/\/enecestudio.es\/\"},{\"@type\":\"ListItem\",\"position\":2,\"name\":\"Claudia Palacios Beauty\"}]},{\"@type\":\"WebSite\",\"@id\":\"https:\/\/enecestudio.es\/#website\",\"url\":\"https:\/\/enecestudio.es\/\",\"name\":\"Enece Studio\",\"description\":\"Estudio de Branding en Zaragoza\",\"publisher\":{\"@id\":\"https:\/\/enecestudio.es\/#organization\"},\"potentialAction\":[{\"@type\":\"SearchAction\",\"target\":{\"@type\":\"EntryPoint\",\"urlTemplate\":\"https:\/\/enecestudio.es\/?s={search_term_string}\"},\"query-input\":{\"@type\":\"PropertyValueSpecification\",\"valueRequired\":true,\"valueName\":\"search_term_string\"}}],\"inLanguage\":\"en-US\"},{\"@type\":\"Organization\",\"@id\":\"https:\/\/enecestudio.es\/#organization\",\"name\":\"Enece Studio\",\"url\":\"https:\/\/enecestudio.es\/\",\"logo\":{\"@type\":\"ImageObject\",\"inLanguage\":\"en-US\",\"@id\":\"https:\/\/enecestudio.es\/#\/schema\/logo\/image\/\",\"url\":\"https:\/\/enecestudio.es\/wp-content\/uploads\/2023\/12\/nombre.png\",\"contentUrl\":\"https:\/\/enecestudio.es\/wp-content\/uploads\/2023\/12\/nombre.png\",\"width\":3167,\"height\":828,\"caption\":\"Enece Studio\"},\"image\":{\"@id\":\"https:\/\/enecestudio.es\/#\/schema\/logo\/image\/\"},\"sameAs\":[\"https:\/\/facebook.com\/enece.studio\",\"https:\/\/instagram.com\/enecestudio\"]}]}<\/script>\n<!-- \/ Yoast SEO plugin. -->","yoast_head_json":{"title":"Claudia Palacios Beauty - Enece Studio","robots":{"index":"index","follow":"follow","max-snippet":"max-snippet:-1","max-image-preview":"max-image-preview:large","max-video-preview":"max-video-preview:-1"},"canonical":"https:\/\/enecestudio.es\/?page_id=581","og_locale":"en_US","og_type":"article","og_title":"Claudia Palacios Beauty - Enece Studio","og_description":"Claudia Palacios Beauty \/ MAKEUP ARTIST &amp; BEAUTY Nuestro objetivo fue crear una identidad visual con una est\u00e9tica limpia y [&hellip;]","og_url":"https:\/\/enecestudio.es\/?page_id=581","og_site_name":"Enece Studio","article_publisher":"https:\/\/facebook.com\/enece.studio","article_modified_time":"2025-01-14T15:58:45+00:00","og_image":[{"width":1024,"height":1024,"url":"https:\/\/enecestudio.es\/wp-content\/uploads\/2024\/12\/Tarjeton-Estetica_1-1024x1024.png","type":"image\/png"}],"twitter_card":"summary_large_image","twitter_misc":{"Est. reading time":"1 minute"},"schema":{"@context":"https:\/\/schema.org","@graph":[{"@type":"WebPage","@id":"https:\/\/enecestudio.es\/?page_id=581","url":"https:\/\/enecestudio.es\/?page_id=581","name":"Claudia Palacios Beauty - Enece Studio","isPartOf":{"@id":"https:\/\/enecestudio.es\/#website"},"primaryImageOfPage":{"@id":"https:\/\/enecestudio.es\/?page_id=581#primaryimage"},"image":{"@id":"https:\/\/enecestudio.es\/?page_id=581#primaryimage"},"thumbnailUrl":"https:\/\/enecestudio.es\/wp-content\/uploads\/2024\/12\/Tarjeton-Estetica_1-1024x1024.png","datePublished":"2025-01-03T10:02:31+00:00","dateModified":"2025-01-14T15:58:45+00:00","breadcrumb":{"@id":"https:\/\/enecestudio.es\/?page_id=581#breadcrumb"},"inLanguage":"en-US","potentialAction":[{"@type":"ReadAction","target":["https:\/\/enecestudio.es\/?page_id=581"]}]},{"@type":"ImageObject","inLanguage":"en-US","@id":"https:\/\/enecestudio.es\/?page_id=581#primaryimage","url":"https:\/\/enecestudio.es\/wp-content\/uploads\/2024\/12\/Tarjeton-Estetica_1.png","contentUrl":"https:\/\/enecestudio.es\/wp-content\/uploads\/2024\/12\/Tarjeton-Estetica_1.png","width":4500,"height":4500},{"@type":"BreadcrumbList","@id":"https:\/\/enecestudio.es\/?page_id=581#breadcrumb","itemListElement":[{"@type":"ListItem","position":1,"name":"Portada","item":"https:\/\/enecestudio.es\/"},{"@type":"ListItem","position":2,"name":"Claudia Palacios Beauty"}]},{"@type":"WebSite","@id":"https:\/\/enecestudio.es\/#website","url":"https:\/\/enecestudio.es\/","name":"Enece Studio","description":"Estudio de Branding en Zaragoza","publisher":{"@id":"https:\/\/enecestudio.es\/#organization"},"potentialAction":[{"@type":"SearchAction","target":{"@type":"EntryPoint","urlTemplate":"https:\/\/enecestudio.es\/?s={search_term_string}"},"query-input":{"@type":"PropertyValueSpecification","valueRequired":true,"valueName":"search_term_string"}}],"inLanguage":"en-US"},{"@type":"Organization","@id":"https:\/\/enecestudio.es\/#organization","name":"Enece Studio","url":"https:\/\/enecestudio.es\/","logo":{"@type":"ImageObject","inLanguage":"en-US","@id":"https:\/\/enecestudio.es\/#\/schema\/logo\/image\/","url":"https:\/\/enecestudio.es\/wp-content\/uploads\/2023\/12\/nombre.png","contentUrl":"https:\/\/enecestudio.es\/wp-content\/uploads\/2023\/12\/nombre.png","width":3167,"height":828,"caption":"Enece Studio"},"image":{"@id":"https:\/\/enecestudio.es\/#\/schema\/logo\/image\/"},"sameAs":["https:\/\/facebook.com\/enece.studio","https:\/\/instagram.com\/enecestudio"]}]}},"_links":{"self":[{"href":"https:\/\/enecestudio.es\/index.php?rest_route=\/wp\/v2\/pages\/581","targetHints":{"allow":["GET"]}}],"collection":[{"href":"https:\/\/enecestudio.es\/index.php?rest_route=\/wp\/v2\/pages"}],"about":[{"href":"https:\/\/enecestudio.es\/index.php?rest_route=\/wp\/v2\/types\/page"}],"author":[{"embeddable":true,"href":"https:\/\/enecestudio.es\/index.php?rest_route=\/wp\/v2\/users\/1"}],"replies":[{"embeddable":true,"href":"https:\/\/enecestudio.es\/index.php?rest_route=%2Fwp%2Fv2%2Fcomments&post=581"}],"version-history":[{"count":13,"href":"https:\/\/enecestudio.es\/index.php?rest_route=\/wp\/v2\/pages\/581\/revisions"}],"predecessor-version":[{"id":1094,"href":"https:\/\/enecestudio.es\/index.php?rest_route=\/wp\/v2\/pages\/581\/revisions\/1094"}],"wp:attachment":[{"href":"https:\/\/enecestudio.es\/index.php?rest_route=%2Fwp%2Fv2%2Fmedia&parent=581"}],"curies":[{"name":"wp","href":"https:\/\/api.w.org\/{rel}","templated":true}]}}