{"id":718,"date":"2025-01-08T18:39:18","date_gmt":"2025-01-08T18:39:18","guid":{"rendered":"https:\/\/enecestudio.es\/?page_id=718"},"modified":"2025-01-14T15:51:56","modified_gmt":"2025-01-14T15:51:56","slug":"cafe-goya","status":"publish","type":"page","link":"https:\/\/enecestudio.es\/?page_id=718","title":{"rendered":"Caf\u00e9 Goya"},"content":{"rendered":"\t\t<div data-elementor-type=\"wp-page\" data-elementor-id=\"718\" class=\"elementor elementor-718\" data-elementor-post-type=\"page\">\n\t\t\t\t<div class=\"elementor-element elementor-element-8111035 e-flex e-con-boxed e-con e-parent\" data-id=\"8111035\" data-element_type=\"container\">\n\t\t\t\t\t<div class=\"e-con-inner\">\n\t\t<div class=\"elementor-element elementor-element-313eb5b e-con-full e-flex e-con e-child\" data-id=\"313eb5b\" data-element_type=\"container\">\n\t\t\t\t<div class=\"elementor-element elementor-element-57a7a45 elementor-widget elementor-widget-image\" data-id=\"57a7a45\" data-element_type=\"widget\" data-widget_type=\"image.default\">\n\t\t\t\t<div class=\"elementor-widget-container\">\n\t\t\t\t\t\t\t\t\t\t\t\t\t\t\t<img fetchpriority=\"high\" decoding=\"async\" width=\"1024\" height=\"1024\" src=\"https:\/\/enecestudio.es\/wp-content\/uploads\/2025\/01\/Rediseno-Goya-Logo-Recuperado-02-1024x1024.png\" class=\"attachment-large size-large wp-image-721\" alt=\"\" srcset=\"https:\/\/enecestudio.es\/wp-content\/uploads\/2025\/01\/Rediseno-Goya-Logo-Recuperado-02-1024x1024.png 1024w, https:\/\/enecestudio.es\/wp-content\/uploads\/2025\/01\/Rediseno-Goya-Logo-Recuperado-02-300x300.png 300w, https:\/\/enecestudio.es\/wp-content\/uploads\/2025\/01\/Rediseno-Goya-Logo-Recuperado-02-150x150.png 150w, https:\/\/enecestudio.es\/wp-content\/uploads\/2025\/01\/Rediseno-Goya-Logo-Recuperado-02-768x768.png 768w, https:\/\/enecestudio.es\/wp-content\/uploads\/2025\/01\/Rediseno-Goya-Logo-Recuperado-02-1536x1536.png 1536w, https:\/\/enecestudio.es\/wp-content\/uploads\/2025\/01\/Rediseno-Goya-Logo-Recuperado-02-2048x2048.png 2048w\" sizes=\"(max-width: 1024px) 100vw, 1024px\" \/>\t\t\t\t\t\t\t\t\t\t\t\t\t\t\t<\/div>\n\t\t\t\t<\/div>\n\t\t\t\t<div class=\"elementor-element elementor-element-3aae1ea elementor-widget elementor-widget-image\" data-id=\"3aae1ea\" data-element_type=\"widget\" data-widget_type=\"image.default\">\n\t\t\t\t<div class=\"elementor-widget-container\">\n\t\t\t\t\t\t\t\t\t\t\t\t\t\t\t<img decoding=\"async\" width=\"1024\" height=\"1024\" src=\"https:\/\/enecestudio.es\/wp-content\/uploads\/2025\/01\/Rediseno-Goya-Logo-Recuperado-04-1024x1024.png\" class=\"attachment-large size-large wp-image-720\" alt=\"\" srcset=\"https:\/\/enecestudio.es\/wp-content\/uploads\/2025\/01\/Rediseno-Goya-Logo-Recuperado-04-1024x1024.png 1024w, https:\/\/enecestudio.es\/wp-content\/uploads\/2025\/01\/Rediseno-Goya-Logo-Recuperado-04-300x300.png 300w, https:\/\/enecestudio.es\/wp-content\/uploads\/2025\/01\/Rediseno-Goya-Logo-Recuperado-04-150x150.png 150w, https:\/\/enecestudio.es\/wp-content\/uploads\/2025\/01\/Rediseno-Goya-Logo-Recuperado-04-768x768.png 768w, https:\/\/enecestudio.es\/wp-content\/uploads\/2025\/01\/Rediseno-Goya-Logo-Recuperado-04-1536x1536.png 1536w, https:\/\/enecestudio.es\/wp-content\/uploads\/2025\/01\/Rediseno-Goya-Logo-Recuperado-04-2048x2048.png 2048w\" sizes=\"(max-width: 1024px) 100vw, 1024px\" \/>\t\t\t\t\t\t\t\t\t\t\t\t\t\t\t<\/div>\n\t\t\t\t<\/div>\n\t\t\t\t<div class=\"elementor-element elementor-element-449c03c elementor-widget elementor-widget-image\" data-id=\"449c03c\" data-element_type=\"widget\" data-widget_type=\"image.default\">\n\t\t\t\t<div class=\"elementor-widget-container\">\n\t\t\t\t\t\t\t\t\t\t\t\t\t\t\t<img decoding=\"async\" width=\"1024\" height=\"1024\" src=\"https:\/\/enecestudio.es\/wp-content\/uploads\/2025\/01\/Rediseno-Goya-Logo-Recuperado-06-1024x1024.png\" class=\"attachment-large size-large wp-image-722\" alt=\"\" srcset=\"https:\/\/enecestudio.es\/wp-content\/uploads\/2025\/01\/Rediseno-Goya-Logo-Recuperado-06-1024x1024.png 1024w, https:\/\/enecestudio.es\/wp-content\/uploads\/2025\/01\/Rediseno-Goya-Logo-Recuperado-06-300x300.png 300w, https:\/\/enecestudio.es\/wp-content\/uploads\/2025\/01\/Rediseno-Goya-Logo-Recuperado-06-150x150.png 150w, https:\/\/enecestudio.es\/wp-content\/uploads\/2025\/01\/Rediseno-Goya-Logo-Recuperado-06-768x768.png 768w, https:\/\/enecestudio.es\/wp-content\/uploads\/2025\/01\/Rediseno-Goya-Logo-Recuperado-06-1536x1536.png 1536w, https:\/\/enecestudio.es\/wp-content\/uploads\/2025\/01\/Rediseno-Goya-Logo-Recuperado-06-2048x2048.png 2048w\" sizes=\"(max-width: 1024px) 100vw, 1024px\" \/>\t\t\t\t\t\t\t\t\t\t\t\t\t\t\t<\/div>\n\t\t\t\t<\/div>\n\t\t\t\t<div class=\"elementor-element elementor-element-addcd4c elementor-widget elementor-widget-image\" data-id=\"addcd4c\" data-element_type=\"widget\" data-widget_type=\"image.default\">\n\t\t\t\t<div class=\"elementor-widget-container\">\n\t\t\t\t\t\t\t\t\t\t\t\t\t\t\t<img loading=\"lazy\" decoding=\"async\" width=\"1024\" height=\"1024\" src=\"https:\/\/enecestudio.es\/wp-content\/uploads\/2025\/01\/Rediseno-Goya-Logo-Recuperado-03-1024x1024.png\" class=\"attachment-large size-large wp-image-723\" alt=\"\" srcset=\"https:\/\/enecestudio.es\/wp-content\/uploads\/2025\/01\/Rediseno-Goya-Logo-Recuperado-03-1024x1024.png 1024w, https:\/\/enecestudio.es\/wp-content\/uploads\/2025\/01\/Rediseno-Goya-Logo-Recuperado-03-300x300.png 300w, https:\/\/enecestudio.es\/wp-content\/uploads\/2025\/01\/Rediseno-Goya-Logo-Recuperado-03-150x150.png 150w, https:\/\/enecestudio.es\/wp-content\/uploads\/2025\/01\/Rediseno-Goya-Logo-Recuperado-03-768x768.png 768w, https:\/\/enecestudio.es\/wp-content\/uploads\/2025\/01\/Rediseno-Goya-Logo-Recuperado-03-1536x1536.png 1536w, https:\/\/enecestudio.es\/wp-content\/uploads\/2025\/01\/Rediseno-Goya-Logo-Recuperado-03-2048x2048.png 2048w\" sizes=\"(max-width: 1024px) 100vw, 1024px\" \/>\t\t\t\t\t\t\t\t\t\t\t\t\t\t\t<\/div>\n\t\t\t\t<\/div>\n\t\t\t\t<\/div>\n\t\t<div class=\"elementor-element elementor-element-c3118ee e-con-full e-flex e-con e-child\" data-id=\"c3118ee\" data-element_type=\"container\">\n\t\t\t\t<div class=\"elementor-element elementor-element-ab95748 elementor-widget elementor-widget-spacer\" data-id=\"ab95748\" data-element_type=\"widget\" data-widget_type=\"spacer.default\">\n\t\t\t\t<div class=\"elementor-widget-container\">\n\t\t\t\t\t\t\t<div class=\"elementor-spacer\">\n\t\t\t<div class=\"elementor-spacer-inner\"><\/div>\n\t\t<\/div>\n\t\t\t\t\t\t<\/div>\n\t\t\t\t<\/div>\n\t\t\t\t<div class=\"elementor-element elementor-element-6fb42e3 elementor-widget elementor-widget-heading\" data-id=\"6fb42e3\" data-element_type=\"widget\" data-settings=\"{&quot;sticky&quot;:&quot;top&quot;,&quot;sticky_on&quot;:[&quot;desktop&quot;,&quot;tablet&quot;,&quot;mobile&quot;],&quot;sticky_offset&quot;:0,&quot;sticky_effects_offset&quot;:0,&quot;sticky_anchor_link_offset&quot;:0}\" data-widget_type=\"heading.default\">\n\t\t\t\t<div class=\"elementor-widget-container\">\n\t\t\t\t\t<h2 class=\"elementor-heading-title elementor-size-default\">Caf\u00e9 Goya<\/h2>\t\t\t\t<\/div>\n\t\t\t\t<\/div>\n\t\t\t\t<div class=\"elementor-element elementor-element-838878a elementor-widget elementor-widget-heading\" data-id=\"838878a\" data-element_type=\"widget\" data-settings=\"{&quot;sticky&quot;:&quot;top&quot;,&quot;sticky_on&quot;:[&quot;desktop&quot;,&quot;tablet&quot;,&quot;mobile&quot;],&quot;sticky_offset&quot;:0,&quot;sticky_effects_offset&quot;:0,&quot;sticky_anchor_link_offset&quot;:0}\" data-widget_type=\"heading.default\">\n\t\t\t\t<div class=\"elementor-widget-container\">\n\t\t\t\t\t<h2 class=\"elementor-heading-title elementor-size-default\">\/ CAFETER\u00cdA EN PINA DE EBRO<\/h2>\t\t\t\t<\/div>\n\t\t\t\t<\/div>\n\t\t\t\t<div class=\"elementor-element elementor-element-43e103d elementor-widget elementor-widget-text-editor\" data-id=\"43e103d\" data-element_type=\"widget\" data-settings=\"{&quot;sticky&quot;:&quot;top&quot;,&quot;sticky_on&quot;:[&quot;desktop&quot;,&quot;tablet&quot;,&quot;mobile&quot;],&quot;sticky_offset&quot;:0,&quot;sticky_effects_offset&quot;:0,&quot;sticky_anchor_link_offset&quot;:0}\" data-widget_type=\"text-editor.default\">\n\t\t\t\t<div class=\"elementor-widget-container\">\n\t\t\t\t\t\t\t\t\t<p>Nuestro objetivo fue cambiar la antigua imagen por una m\u00e1s moderna, actualizada y sofisticada, que reflejase mejor la forma en la que trabajan y las t\u00e9cnicas utilizadas de aut\u00e9nticos baristas.<\/p><p>De esta forma, lo que se pretende es dar a la marca ese toque m\u00e1s exclusivo evocando al caf\u00e9 de especialidad que ofrecen en esta cafeter\u00eda.<\/p><p>Con este nuevo dise\u00f1o se quiere demostrar que siguen ofreciendo un servicio acorde a las necesidades del mundo actual y su nueva imagen es la pruega de su capacidad para adaptarse y evolucionar a lo largo de sus casi 25 a\u00f1os de experiencia.<\/p>\t\t\t\t\t\t\t\t<\/div>\n\t\t\t\t<\/div>\n\t\t\t\t<\/div>\n\t\t\t\t\t<\/div>\n\t\t\t\t<\/div>\n\t\t\t\t<\/div>\n\t\t","protected":false},"excerpt":{"rendered":"<p>Caf\u00e9 Goya \/ CAFETER\u00cdA EN PINA DE EBRO Nuestro objetivo fue cambiar la antigua imagen por una m\u00e1s moderna, actualizada [&hellip;]<\/p>\n","protected":false},"author":1,"featured_media":0,"parent":0,"menu_order":0,"comment_status":"closed","ping_status":"closed","template":"","meta":{"site-sidebar-layout":"no-sidebar","site-content-layout":"","ast-site-content-layout":"full-width-container","site-content-style":"default","site-sidebar-style":"default","ast-global-header-display":"","ast-banner-title-visibility":"","ast-main-header-display":"","ast-hfb-above-header-display":"","ast-hfb-below-header-display":"","ast-hfb-mobile-header-display":"","site-post-title":"disabled","ast-breadcrumbs-content":"","ast-featured-img":"disabled","footer-sml-layout":"","theme-transparent-header-meta":"","adv-header-id-meta":"","stick-header-meta":"","header-above-stick-meta":"","header-main-stick-meta":"","header-below-stick-meta":"","astra-migrate-meta-layouts":"default","ast-page-background-enabled":"default","ast-page-background-meta":{"desktop":{"background-color":"var(--ast-global-color-4)","background-image":"","background-repeat":"repeat","background-position":"center center","background-size":"auto","background-attachment":"scroll","background-type":"","background-media":"","overlay-type":"","overlay-color":"","overlay-opacity":"","overlay-gradient":""},"tablet":{"background-color":"","background-image":"","background-repeat":"repeat","background-position":"center center","background-size":"auto","background-attachment":"scroll","background-type":"","background-media":"","overlay-type":"","overlay-color":"","overlay-opacity":"","overlay-gradient":""},"mobile":{"background-color":"","background-image":"","background-repeat":"repeat","background-position":"center center","background-size":"auto","background-attachment":"scroll","background-type":"","background-media":"","overlay-type":"","overlay-color":"","overlay-opacity":"","overlay-gradient":""}},"ast-content-background-meta":{"desktop":{"background-color":"var(--ast-global-color-5)","background-image":"","background-repeat":"repeat","background-position":"center center","background-size":"auto","background-attachment":"scroll","background-type":"","background-media":"","overlay-type":"","overlay-color":"","overlay-opacity":"","overlay-gradient":""},"tablet":{"background-color":"var(--ast-global-color-5)","background-image":"","background-repeat":"repeat","background-position":"center center","background-size":"auto","background-attachment":"scroll","background-type":"","background-media":"","overlay-type":"","overlay-color":"","overlay-opacity":"","overlay-gradient":""},"mobile":{"background-color":"var(--ast-global-color-5)","background-image":"","background-repeat":"repeat","background-position":"center center","background-size":"auto","background-attachment":"scroll","background-type":"","background-media":"","overlay-type":"","overlay-color":"","overlay-opacity":"","overlay-gradient":""}},"footnotes":""},"class_list":["post-718","page","type-page","status-publish","hentry"],"yoast_head":"<!-- This site is optimized with the Yoast SEO plugin v25.3.1 - https:\/\/yoast.com\/wordpress\/plugins\/seo\/ -->\n<title>Caf\u00e9 Goya - Enece Studio<\/title>\n<meta name=\"robots\" content=\"index, follow, max-snippet:-1, max-image-preview:large, max-video-preview:-1\" \/>\n<link rel=\"canonical\" href=\"https:\/\/enecestudio.es\/?page_id=718\" \/>\n<meta property=\"og:locale\" content=\"en_US\" \/>\n<meta property=\"og:type\" content=\"article\" \/>\n<meta property=\"og:title\" content=\"Caf\u00e9 Goya - Enece Studio\" \/>\n<meta property=\"og:description\" content=\"Caf\u00e9 Goya \/ CAFETER\u00cdA EN PINA DE EBRO Nuestro objetivo fue cambiar la antigua imagen por una m\u00e1s moderna, actualizada [&hellip;]\" \/>\n<meta property=\"og:url\" content=\"https:\/\/enecestudio.es\/?page_id=718\" \/>\n<meta property=\"og:site_name\" content=\"Enece Studio\" \/>\n<meta property=\"article:publisher\" content=\"https:\/\/facebook.com\/enece.studio\" \/>\n<meta property=\"article:modified_time\" content=\"2025-01-14T15:51:56+00:00\" \/>\n<meta property=\"og:image\" content=\"https:\/\/enecestudio.es\/wp-content\/uploads\/2025\/01\/Rediseno-Goya-Logo-Recuperado-02-1024x1024.png\" \/>\n\t<meta property=\"og:image:width\" content=\"1024\" \/>\n\t<meta property=\"og:image:height\" content=\"1024\" \/>\n\t<meta property=\"og:image:type\" content=\"image\/png\" \/>\n<meta name=\"twitter:card\" content=\"summary_large_image\" \/>\n<meta name=\"twitter:label1\" content=\"Est. reading time\" \/>\n\t<meta name=\"twitter:data1\" content=\"1 minute\" \/>\n<script type=\"application\/ld+json\" class=\"yoast-schema-graph\">{\"@context\":\"https:\/\/schema.org\",\"@graph\":[{\"@type\":\"WebPage\",\"@id\":\"https:\/\/enecestudio.es\/?page_id=718\",\"url\":\"https:\/\/enecestudio.es\/?page_id=718\",\"name\":\"Caf\u00e9 Goya - Enece Studio\",\"isPartOf\":{\"@id\":\"https:\/\/enecestudio.es\/#website\"},\"primaryImageOfPage\":{\"@id\":\"https:\/\/enecestudio.es\/?page_id=718#primaryimage\"},\"image\":{\"@id\":\"https:\/\/enecestudio.es\/?page_id=718#primaryimage\"},\"thumbnailUrl\":\"https:\/\/enecestudio.es\/wp-content\/uploads\/2025\/01\/Rediseno-Goya-Logo-Recuperado-02-1024x1024.png\",\"datePublished\":\"2025-01-08T18:39:18+00:00\",\"dateModified\":\"2025-01-14T15:51:56+00:00\",\"breadcrumb\":{\"@id\":\"https:\/\/enecestudio.es\/?page_id=718#breadcrumb\"},\"inLanguage\":\"en-US\",\"potentialAction\":[{\"@type\":\"ReadAction\",\"target\":[\"https:\/\/enecestudio.es\/?page_id=718\"]}]},{\"@type\":\"ImageObject\",\"inLanguage\":\"en-US\",\"@id\":\"https:\/\/enecestudio.es\/?page_id=718#primaryimage\",\"url\":\"https:\/\/enecestudio.es\/wp-content\/uploads\/2025\/01\/Rediseno-Goya-Logo-Recuperado-02.png\",\"contentUrl\":\"https:\/\/enecestudio.es\/wp-content\/uploads\/2025\/01\/Rediseno-Goya-Logo-Recuperado-02.png\",\"width\":4500,\"height\":4500},{\"@type\":\"BreadcrumbList\",\"@id\":\"https:\/\/enecestudio.es\/?page_id=718#breadcrumb\",\"itemListElement\":[{\"@type\":\"ListItem\",\"position\":1,\"name\":\"Portada\",\"item\":\"https:\/\/enecestudio.es\/\"},{\"@type\":\"ListItem\",\"position\":2,\"name\":\"Caf\u00e9 Goya\"}]},{\"@type\":\"WebSite\",\"@id\":\"https:\/\/enecestudio.es\/#website\",\"url\":\"https:\/\/enecestudio.es\/\",\"name\":\"Enece Studio\",\"description\":\"Estudio de Branding en Zaragoza\",\"publisher\":{\"@id\":\"https:\/\/enecestudio.es\/#organization\"},\"potentialAction\":[{\"@type\":\"SearchAction\",\"target\":{\"@type\":\"EntryPoint\",\"urlTemplate\":\"https:\/\/enecestudio.es\/?s={search_term_string}\"},\"query-input\":{\"@type\":\"PropertyValueSpecification\",\"valueRequired\":true,\"valueName\":\"search_term_string\"}}],\"inLanguage\":\"en-US\"},{\"@type\":\"Organization\",\"@id\":\"https:\/\/enecestudio.es\/#organization\",\"name\":\"Enece Studio\",\"url\":\"https:\/\/enecestudio.es\/\",\"logo\":{\"@type\":\"ImageObject\",\"inLanguage\":\"en-US\",\"@id\":\"https:\/\/enecestudio.es\/#\/schema\/logo\/image\/\",\"url\":\"https:\/\/enecestudio.es\/wp-content\/uploads\/2023\/12\/nombre.png\",\"contentUrl\":\"https:\/\/enecestudio.es\/wp-content\/uploads\/2023\/12\/nombre.png\",\"width\":3167,\"height\":828,\"caption\":\"Enece Studio\"},\"image\":{\"@id\":\"https:\/\/enecestudio.es\/#\/schema\/logo\/image\/\"},\"sameAs\":[\"https:\/\/facebook.com\/enece.studio\",\"https:\/\/instagram.com\/enecestudio\"]}]}<\/script>\n<!-- \/ Yoast SEO plugin. -->","yoast_head_json":{"title":"Caf\u00e9 Goya - Enece Studio","robots":{"index":"index","follow":"follow","max-snippet":"max-snippet:-1","max-image-preview":"max-image-preview:large","max-video-preview":"max-video-preview:-1"},"canonical":"https:\/\/enecestudio.es\/?page_id=718","og_locale":"en_US","og_type":"article","og_title":"Caf\u00e9 Goya - Enece Studio","og_description":"Caf\u00e9 Goya \/ CAFETER\u00cdA EN PINA DE EBRO Nuestro objetivo fue cambiar la antigua imagen por una m\u00e1s moderna, actualizada [&hellip;]","og_url":"https:\/\/enecestudio.es\/?page_id=718","og_site_name":"Enece Studio","article_publisher":"https:\/\/facebook.com\/enece.studio","article_modified_time":"2025-01-14T15:51:56+00:00","og_image":[{"width":1024,"height":1024,"url":"https:\/\/enecestudio.es\/wp-content\/uploads\/2025\/01\/Rediseno-Goya-Logo-Recuperado-02-1024x1024.png","type":"image\/png"}],"twitter_card":"summary_large_image","twitter_misc":{"Est. reading time":"1 minute"},"schema":{"@context":"https:\/\/schema.org","@graph":[{"@type":"WebPage","@id":"https:\/\/enecestudio.es\/?page_id=718","url":"https:\/\/enecestudio.es\/?page_id=718","name":"Caf\u00e9 Goya - Enece Studio","isPartOf":{"@id":"https:\/\/enecestudio.es\/#website"},"primaryImageOfPage":{"@id":"https:\/\/enecestudio.es\/?page_id=718#primaryimage"},"image":{"@id":"https:\/\/enecestudio.es\/?page_id=718#primaryimage"},"thumbnailUrl":"https:\/\/enecestudio.es\/wp-content\/uploads\/2025\/01\/Rediseno-Goya-Logo-Recuperado-02-1024x1024.png","datePublished":"2025-01-08T18:39:18+00:00","dateModified":"2025-01-14T15:51:56+00:00","breadcrumb":{"@id":"https:\/\/enecestudio.es\/?page_id=718#breadcrumb"},"inLanguage":"en-US","potentialAction":[{"@type":"ReadAction","target":["https:\/\/enecestudio.es\/?page_id=718"]}]},{"@type":"ImageObject","inLanguage":"en-US","@id":"https:\/\/enecestudio.es\/?page_id=718#primaryimage","url":"https:\/\/enecestudio.es\/wp-content\/uploads\/2025\/01\/Rediseno-Goya-Logo-Recuperado-02.png","contentUrl":"https:\/\/enecestudio.es\/wp-content\/uploads\/2025\/01\/Rediseno-Goya-Logo-Recuperado-02.png","width":4500,"height":4500},{"@type":"BreadcrumbList","@id":"https:\/\/enecestudio.es\/?page_id=718#breadcrumb","itemListElement":[{"@type":"ListItem","position":1,"name":"Portada","item":"https:\/\/enecestudio.es\/"},{"@type":"ListItem","position":2,"name":"Caf\u00e9 Goya"}]},{"@type":"WebSite","@id":"https:\/\/enecestudio.es\/#website","url":"https:\/\/enecestudio.es\/","name":"Enece Studio","description":"Estudio de Branding en Zaragoza","publisher":{"@id":"https:\/\/enecestudio.es\/#organization"},"potentialAction":[{"@type":"SearchAction","target":{"@type":"EntryPoint","urlTemplate":"https:\/\/enecestudio.es\/?s={search_term_string}"},"query-input":{"@type":"PropertyValueSpecification","valueRequired":true,"valueName":"search_term_string"}}],"inLanguage":"en-US"},{"@type":"Organization","@id":"https:\/\/enecestudio.es\/#organization","name":"Enece Studio","url":"https:\/\/enecestudio.es\/","logo":{"@type":"ImageObject","inLanguage":"en-US","@id":"https:\/\/enecestudio.es\/#\/schema\/logo\/image\/","url":"https:\/\/enecestudio.es\/wp-content\/uploads\/2023\/12\/nombre.png","contentUrl":"https:\/\/enecestudio.es\/wp-content\/uploads\/2023\/12\/nombre.png","width":3167,"height":828,"caption":"Enece Studio"},"image":{"@id":"https:\/\/enecestudio.es\/#\/schema\/logo\/image\/"},"sameAs":["https:\/\/facebook.com\/enece.studio","https:\/\/instagram.com\/enecestudio"]}]}},"_links":{"self":[{"href":"https:\/\/enecestudio.es\/index.php?rest_route=\/wp\/v2\/pages\/718","targetHints":{"allow":["GET"]}}],"collection":[{"href":"https:\/\/enecestudio.es\/index.php?rest_route=\/wp\/v2\/pages"}],"about":[{"href":"https:\/\/enecestudio.es\/index.php?rest_route=\/wp\/v2\/types\/page"}],"author":[{"embeddable":true,"href":"https:\/\/enecestudio.es\/index.php?rest_route=\/wp\/v2\/users\/1"}],"replies":[{"embeddable":true,"href":"https:\/\/enecestudio.es\/index.php?rest_route=%2Fwp%2Fv2%2Fcomments&post=718"}],"version-history":[{"count":28,"href":"https:\/\/enecestudio.es\/index.php?rest_route=\/wp\/v2\/pages\/718\/revisions"}],"predecessor-version":[{"id":1084,"href":"https:\/\/enecestudio.es\/index.php?rest_route=\/wp\/v2\/pages\/718\/revisions\/1084"}],"wp:attachment":[{"href":"https:\/\/enecestudio.es\/index.php?rest_route=%2Fwp%2Fv2%2Fmedia&parent=718"}],"curies":[{"name":"wp","href":"https:\/\/api.w.org\/{rel}","templated":true}]}}