{"id":750,"date":"2025-01-08T19:14:45","date_gmt":"2025-01-08T19:14:45","guid":{"rendered":"https:\/\/enecestudio.es\/?page_id=750"},"modified":"2025-01-14T15:53:06","modified_gmt":"2025-01-14T15:53:06","slug":"carinito","status":"publish","type":"page","link":"https:\/\/enecestudio.es\/?page_id=750","title":{"rendered":"Cari\u00f1ito"},"content":{"rendered":"\t\t<div data-elementor-type=\"wp-page\" data-elementor-id=\"750\" class=\"elementor elementor-750\" data-elementor-post-type=\"page\">\n\t\t\t\t<div class=\"elementor-element elementor-element-f02a1d2 e-flex e-con-boxed e-con e-parent\" data-id=\"f02a1d2\" data-element_type=\"container\">\n\t\t\t\t\t<div class=\"e-con-inner\">\n\t\t<div class=\"elementor-element elementor-element-1eaaa50 e-con-full e-flex e-con e-child\" data-id=\"1eaaa50\" data-element_type=\"container\">\n\t\t\t\t<div class=\"elementor-element elementor-element-c749a06 elementor-widget elementor-widget-image\" data-id=\"c749a06\" data-element_type=\"widget\" data-widget_type=\"image.default\">\n\t\t\t\t<div class=\"elementor-widget-container\">\n\t\t\t\t\t\t\t\t\t\t\t\t\t\t\t<img fetchpriority=\"high\" decoding=\"async\" width=\"1024\" height=\"1024\" src=\"https:\/\/enecestudio.es\/wp-content\/uploads\/2024\/12\/Carinito-02-1024x1024.png\" class=\"attachment-large size-large wp-image-424\" alt=\"\" srcset=\"https:\/\/enecestudio.es\/wp-content\/uploads\/2024\/12\/Carinito-02-1024x1024.png 1024w, https:\/\/enecestudio.es\/wp-content\/uploads\/2024\/12\/Carinito-02-300x300.png 300w, https:\/\/enecestudio.es\/wp-content\/uploads\/2024\/12\/Carinito-02-150x150.png 150w, https:\/\/enecestudio.es\/wp-content\/uploads\/2024\/12\/Carinito-02-768x768.png 768w, https:\/\/enecestudio.es\/wp-content\/uploads\/2024\/12\/Carinito-02-1536x1536.png 1536w, https:\/\/enecestudio.es\/wp-content\/uploads\/2024\/12\/Carinito-02-2048x2048.png 2048w\" sizes=\"(max-width: 1024px) 100vw, 1024px\" \/>\t\t\t\t\t\t\t\t\t\t\t\t\t\t\t<\/div>\n\t\t\t\t<\/div>\n\t\t\t\t<div class=\"elementor-element elementor-element-498ad00 elementor-widget elementor-widget-image\" data-id=\"498ad00\" data-element_type=\"widget\" data-widget_type=\"image.default\">\n\t\t\t\t<div class=\"elementor-widget-container\">\n\t\t\t\t\t\t\t\t\t\t\t\t\t\t\t<img decoding=\"async\" width=\"1024\" height=\"1024\" src=\"https:\/\/enecestudio.es\/wp-content\/uploads\/2024\/12\/Carinito-03-1024x1024.png\" class=\"attachment-large size-large wp-image-495\" alt=\"\" srcset=\"https:\/\/enecestudio.es\/wp-content\/uploads\/2024\/12\/Carinito-03-1024x1024.png 1024w, https:\/\/enecestudio.es\/wp-content\/uploads\/2024\/12\/Carinito-03-300x300.png 300w, https:\/\/enecestudio.es\/wp-content\/uploads\/2024\/12\/Carinito-03-150x150.png 150w, https:\/\/enecestudio.es\/wp-content\/uploads\/2024\/12\/Carinito-03-768x768.png 768w, https:\/\/enecestudio.es\/wp-content\/uploads\/2024\/12\/Carinito-03-1536x1536.png 1536w, https:\/\/enecestudio.es\/wp-content\/uploads\/2024\/12\/Carinito-03-2048x2048.png 2048w\" sizes=\"(max-width: 1024px) 100vw, 1024px\" \/>\t\t\t\t\t\t\t\t\t\t\t\t\t\t\t<\/div>\n\t\t\t\t<\/div>\n\t\t\t\t<div class=\"elementor-element elementor-element-79a9dac elementor-widget elementor-widget-image\" data-id=\"79a9dac\" data-element_type=\"widget\" data-widget_type=\"image.default\">\n\t\t\t\t<div class=\"elementor-widget-container\">\n\t\t\t\t\t\t\t\t\t\t\t\t\t\t\t<img decoding=\"async\" width=\"1024\" height=\"1024\" src=\"https:\/\/enecestudio.es\/wp-content\/uploads\/2025\/01\/Carinito-04-1024x1024.png\" class=\"attachment-large size-large wp-image-753\" alt=\"\" srcset=\"https:\/\/enecestudio.es\/wp-content\/uploads\/2025\/01\/Carinito-04-1024x1024.png 1024w, https:\/\/enecestudio.es\/wp-content\/uploads\/2025\/01\/Carinito-04-300x300.png 300w, https:\/\/enecestudio.es\/wp-content\/uploads\/2025\/01\/Carinito-04-150x150.png 150w, https:\/\/enecestudio.es\/wp-content\/uploads\/2025\/01\/Carinito-04-768x768.png 768w, https:\/\/enecestudio.es\/wp-content\/uploads\/2025\/01\/Carinito-04-1536x1536.png 1536w, https:\/\/enecestudio.es\/wp-content\/uploads\/2025\/01\/Carinito-04-2048x2048.png 2048w\" sizes=\"(max-width: 1024px) 100vw, 1024px\" \/>\t\t\t\t\t\t\t\t\t\t\t\t\t\t\t<\/div>\n\t\t\t\t<\/div>\n\t\t\t\t<div class=\"elementor-element elementor-element-c629e9f elementor-widget elementor-widget-image\" data-id=\"c629e9f\" data-element_type=\"widget\" data-widget_type=\"image.default\">\n\t\t\t\t<div class=\"elementor-widget-container\">\n\t\t\t\t\t\t\t\t\t\t\t\t\t\t\t<img loading=\"lazy\" decoding=\"async\" width=\"1024\" height=\"1024\" src=\"https:\/\/enecestudio.es\/wp-content\/uploads\/2025\/01\/Carinito-05-1024x1024.png\" class=\"attachment-large size-large wp-image-754\" alt=\"\" srcset=\"https:\/\/enecestudio.es\/wp-content\/uploads\/2025\/01\/Carinito-05-1024x1024.png 1024w, https:\/\/enecestudio.es\/wp-content\/uploads\/2025\/01\/Carinito-05-300x300.png 300w, https:\/\/enecestudio.es\/wp-content\/uploads\/2025\/01\/Carinito-05-150x150.png 150w, https:\/\/enecestudio.es\/wp-content\/uploads\/2025\/01\/Carinito-05-768x768.png 768w, https:\/\/enecestudio.es\/wp-content\/uploads\/2025\/01\/Carinito-05-1536x1536.png 1536w, https:\/\/enecestudio.es\/wp-content\/uploads\/2025\/01\/Carinito-05-2048x2048.png 2048w\" sizes=\"(max-width: 1024px) 100vw, 1024px\" \/>\t\t\t\t\t\t\t\t\t\t\t\t\t\t\t<\/div>\n\t\t\t\t<\/div>\n\t\t\t\t<\/div>\n\t\t<div class=\"elementor-element elementor-element-2cfeed8 e-con-full e-flex e-con e-child\" data-id=\"2cfeed8\" data-element_type=\"container\">\n\t\t\t\t<div class=\"elementor-element elementor-element-3e9a932 elementor-widget elementor-widget-spacer\" data-id=\"3e9a932\" data-element_type=\"widget\" data-widget_type=\"spacer.default\">\n\t\t\t\t<div class=\"elementor-widget-container\">\n\t\t\t\t\t\t\t<div class=\"elementor-spacer\">\n\t\t\t<div class=\"elementor-spacer-inner\"><\/div>\n\t\t<\/div>\n\t\t\t\t\t\t<\/div>\n\t\t\t\t<\/div>\n\t\t\t\t<div class=\"elementor-element elementor-element-8a0b42a elementor-widget elementor-widget-heading\" data-id=\"8a0b42a\" data-element_type=\"widget\" data-widget_type=\"heading.default\">\n\t\t\t\t<div class=\"elementor-widget-container\">\n\t\t\t\t\t<h2 class=\"elementor-heading-title elementor-size-default\">Cari\u00f1ito<\/h2>\t\t\t\t<\/div>\n\t\t\t\t<\/div>\n\t\t\t\t<div class=\"elementor-element elementor-element-c3e76e0 elementor-widget elementor-widget-heading\" data-id=\"c3e76e0\" data-element_type=\"widget\" data-widget_type=\"heading.default\">\n\t\t\t\t<div class=\"elementor-widget-container\">\n\t\t\t\t\t<h2 class=\"elementor-heading-title elementor-size-default\">\/ PANADER\u00cdA ARTESANA<\/h2>\t\t\t\t<\/div>\n\t\t\t\t<\/div>\n\t\t\t\t<div class=\"elementor-element elementor-element-49203cc elementor-widget elementor-widget-text-editor\" data-id=\"49203cc\" data-element_type=\"widget\" data-widget_type=\"text-editor.default\">\n\t\t\t\t<div class=\"elementor-widget-container\">\n\t\t\t\t\t\t\t\t\t<p>Lo que quisimos reflejar con el dise\u00f1o de esta marca fue la calidez y cercan\u00eda por la que se caracteriza.\u00a0El logotipo est\u00e1 formado por una chica abrazando un cruas\u00e1n, expresando as\u00ed su trato cercano con los clientes y el amor y cari\u00f1o con el que hacen su trabajo.<\/p><p>Con un dise\u00f1o hecho a mano alzada hemos querido transmitir precisamente eso, que sus productos son 100% artesanos y elaborados a mano diariamente. Y es que, en esta panader\u00eda cada detalle cuenta.<\/p><p>Desde el primer cruas\u00e1n hasta el \u00faltimo panecillo del d\u00eda, todo se elabora con un ingrediente com\u00fan: el cari\u00f1o. De ah\u00ed precisamente viene su nombre, con una tipograf\u00eda sencilla y a\u00f1adiendo ese diminutivo en cursiva haciendo que destaque todav\u00eda m\u00e1s esa cercan\u00eda que tienen con sus clientes.<\/p>\t\t\t\t\t\t\t\t<\/div>\n\t\t\t\t<\/div>\n\t\t\t\t<\/div>\n\t\t\t\t\t<\/div>\n\t\t\t\t<\/div>\n\t\t\t\t<\/div>\n\t\t","protected":false},"excerpt":{"rendered":"<p>Cari\u00f1ito \/ PANADER\u00cdA ARTESANA Lo que quisimos reflejar con el dise\u00f1o de esta marca fue la calidez y cercan\u00eda por [&hellip;]<\/p>\n","protected":false},"author":1,"featured_media":0,"parent":0,"menu_order":0,"comment_status":"closed","ping_status":"closed","template":"","meta":{"site-sidebar-layout":"no-sidebar","site-content-layout":"","ast-site-content-layout":"full-width-container","site-content-style":"default","site-sidebar-style":"default","ast-global-header-display":"","ast-banner-title-visibility":"","ast-main-header-display":"","ast-hfb-above-header-display":"","ast-hfb-below-header-display":"","ast-hfb-mobile-header-display":"","site-post-title":"disabled","ast-breadcrumbs-content":"","ast-featured-img":"disabled","footer-sml-layout":"","theme-transparent-header-meta":"","adv-header-id-meta":"","stick-header-meta":"","header-above-stick-meta":"","header-main-stick-meta":"","header-below-stick-meta":"","astra-migrate-meta-layouts":"default","ast-page-background-enabled":"default","ast-page-background-meta":{"desktop":{"background-color":"var(--ast-global-color-4)","background-image":"","background-repeat":"repeat","background-position":"center center","background-size":"auto","background-attachment":"scroll","background-type":"","background-media":"","overlay-type":"","overlay-color":"","overlay-opacity":"","overlay-gradient":""},"tablet":{"background-color":"","background-image":"","background-repeat":"repeat","background-position":"center center","background-size":"auto","background-attachment":"scroll","background-type":"","background-media":"","overlay-type":"","overlay-color":"","overlay-opacity":"","overlay-gradient":""},"mobile":{"background-color":"","background-image":"","background-repeat":"repeat","background-position":"center center","background-size":"auto","background-attachment":"scroll","background-type":"","background-media":"","overlay-type":"","overlay-color":"","overlay-opacity":"","overlay-gradient":""}},"ast-content-background-meta":{"desktop":{"background-color":"var(--ast-global-color-5)","background-image":"","background-repeat":"repeat","background-position":"center center","background-size":"auto","background-attachment":"scroll","background-type":"","background-media":"","overlay-type":"","overlay-color":"","overlay-opacity":"","overlay-gradient":""},"tablet":{"background-color":"var(--ast-global-color-5)","background-image":"","background-repeat":"repeat","background-position":"center center","background-size":"auto","background-attachment":"scroll","background-type":"","background-media":"","overlay-type":"","overlay-color":"","overlay-opacity":"","overlay-gradient":""},"mobile":{"background-color":"var(--ast-global-color-5)","background-image":"","background-repeat":"repeat","background-position":"center center","background-size":"auto","background-attachment":"scroll","background-type":"","background-media":"","overlay-type":"","overlay-color":"","overlay-opacity":"","overlay-gradient":""}},"footnotes":""},"class_list":["post-750","page","type-page","status-publish","hentry"],"yoast_head":"<!-- This site is optimized with the Yoast SEO plugin v25.3.1 - https:\/\/yoast.com\/wordpress\/plugins\/seo\/ -->\n<title>Cari\u00f1ito - Enece Studio<\/title>\n<meta name=\"robots\" content=\"index, follow, max-snippet:-1, max-image-preview:large, max-video-preview:-1\" \/>\n<link rel=\"canonical\" href=\"https:\/\/enecestudio.es\/?page_id=750\" \/>\n<meta property=\"og:locale\" content=\"en_US\" \/>\n<meta property=\"og:type\" content=\"article\" \/>\n<meta property=\"og:title\" content=\"Cari\u00f1ito - Enece Studio\" \/>\n<meta property=\"og:description\" content=\"Cari\u00f1ito \/ PANADER\u00cdA ARTESANA Lo que quisimos reflejar con el dise\u00f1o de esta marca fue la calidez y cercan\u00eda por [&hellip;]\" \/>\n<meta property=\"og:url\" content=\"https:\/\/enecestudio.es\/?page_id=750\" \/>\n<meta property=\"og:site_name\" content=\"Enece Studio\" \/>\n<meta property=\"article:publisher\" content=\"https:\/\/facebook.com\/enece.studio\" \/>\n<meta property=\"article:modified_time\" content=\"2025-01-14T15:53:06+00:00\" \/>\n<meta property=\"og:image\" content=\"https:\/\/enecestudio.es\/wp-content\/uploads\/2024\/12\/Carinito-02-1024x1024.png\" \/>\n\t<meta property=\"og:image:width\" content=\"1024\" \/>\n\t<meta property=\"og:image:height\" content=\"1024\" \/>\n\t<meta property=\"og:image:type\" content=\"image\/png\" \/>\n<meta name=\"twitter:card\" content=\"summary_large_image\" \/>\n<meta name=\"twitter:label1\" content=\"Est. reading time\" \/>\n\t<meta name=\"twitter:data1\" content=\"1 minute\" \/>\n<script type=\"application\/ld+json\" class=\"yoast-schema-graph\">{\"@context\":\"https:\/\/schema.org\",\"@graph\":[{\"@type\":\"WebPage\",\"@id\":\"https:\/\/enecestudio.es\/?page_id=750\",\"url\":\"https:\/\/enecestudio.es\/?page_id=750\",\"name\":\"Cari\u00f1ito - Enece Studio\",\"isPartOf\":{\"@id\":\"https:\/\/enecestudio.es\/#website\"},\"primaryImageOfPage\":{\"@id\":\"https:\/\/enecestudio.es\/?page_id=750#primaryimage\"},\"image\":{\"@id\":\"https:\/\/enecestudio.es\/?page_id=750#primaryimage\"},\"thumbnailUrl\":\"https:\/\/enecestudio.es\/wp-content\/uploads\/2024\/12\/Carinito-02-1024x1024.png\",\"datePublished\":\"2025-01-08T19:14:45+00:00\",\"dateModified\":\"2025-01-14T15:53:06+00:00\",\"breadcrumb\":{\"@id\":\"https:\/\/enecestudio.es\/?page_id=750#breadcrumb\"},\"inLanguage\":\"en-US\",\"potentialAction\":[{\"@type\":\"ReadAction\",\"target\":[\"https:\/\/enecestudio.es\/?page_id=750\"]}]},{\"@type\":\"ImageObject\",\"inLanguage\":\"en-US\",\"@id\":\"https:\/\/enecestudio.es\/?page_id=750#primaryimage\",\"url\":\"https:\/\/enecestudio.es\/wp-content\/uploads\/2024\/12\/Carinito-02.png\",\"contentUrl\":\"https:\/\/enecestudio.es\/wp-content\/uploads\/2024\/12\/Carinito-02.png\",\"width\":4500,\"height\":4500},{\"@type\":\"BreadcrumbList\",\"@id\":\"https:\/\/enecestudio.es\/?page_id=750#breadcrumb\",\"itemListElement\":[{\"@type\":\"ListItem\",\"position\":1,\"name\":\"Portada\",\"item\":\"https:\/\/enecestudio.es\/\"},{\"@type\":\"ListItem\",\"position\":2,\"name\":\"Cari\u00f1ito\"}]},{\"@type\":\"WebSite\",\"@id\":\"https:\/\/enecestudio.es\/#website\",\"url\":\"https:\/\/enecestudio.es\/\",\"name\":\"Enece Studio\",\"description\":\"Estudio de Branding en Zaragoza\",\"publisher\":{\"@id\":\"https:\/\/enecestudio.es\/#organization\"},\"potentialAction\":[{\"@type\":\"SearchAction\",\"target\":{\"@type\":\"EntryPoint\",\"urlTemplate\":\"https:\/\/enecestudio.es\/?s={search_term_string}\"},\"query-input\":{\"@type\":\"PropertyValueSpecification\",\"valueRequired\":true,\"valueName\":\"search_term_string\"}}],\"inLanguage\":\"en-US\"},{\"@type\":\"Organization\",\"@id\":\"https:\/\/enecestudio.es\/#organization\",\"name\":\"Enece Studio\",\"url\":\"https:\/\/enecestudio.es\/\",\"logo\":{\"@type\":\"ImageObject\",\"inLanguage\":\"en-US\",\"@id\":\"https:\/\/enecestudio.es\/#\/schema\/logo\/image\/\",\"url\":\"https:\/\/enecestudio.es\/wp-content\/uploads\/2023\/12\/nombre.png\",\"contentUrl\":\"https:\/\/enecestudio.es\/wp-content\/uploads\/2023\/12\/nombre.png\",\"width\":3167,\"height\":828,\"caption\":\"Enece Studio\"},\"image\":{\"@id\":\"https:\/\/enecestudio.es\/#\/schema\/logo\/image\/\"},\"sameAs\":[\"https:\/\/facebook.com\/enece.studio\",\"https:\/\/instagram.com\/enecestudio\"]}]}<\/script>\n<!-- \/ Yoast SEO plugin. -->","yoast_head_json":{"title":"Cari\u00f1ito - Enece Studio","robots":{"index":"index","follow":"follow","max-snippet":"max-snippet:-1","max-image-preview":"max-image-preview:large","max-video-preview":"max-video-preview:-1"},"canonical":"https:\/\/enecestudio.es\/?page_id=750","og_locale":"en_US","og_type":"article","og_title":"Cari\u00f1ito - Enece Studio","og_description":"Cari\u00f1ito \/ PANADER\u00cdA ARTESANA Lo que quisimos reflejar con el dise\u00f1o de esta marca fue la calidez y cercan\u00eda por [&hellip;]","og_url":"https:\/\/enecestudio.es\/?page_id=750","og_site_name":"Enece Studio","article_publisher":"https:\/\/facebook.com\/enece.studio","article_modified_time":"2025-01-14T15:53:06+00:00","og_image":[{"width":1024,"height":1024,"url":"https:\/\/enecestudio.es\/wp-content\/uploads\/2024\/12\/Carinito-02-1024x1024.png","type":"image\/png"}],"twitter_card":"summary_large_image","twitter_misc":{"Est. reading time":"1 minute"},"schema":{"@context":"https:\/\/schema.org","@graph":[{"@type":"WebPage","@id":"https:\/\/enecestudio.es\/?page_id=750","url":"https:\/\/enecestudio.es\/?page_id=750","name":"Cari\u00f1ito - Enece Studio","isPartOf":{"@id":"https:\/\/enecestudio.es\/#website"},"primaryImageOfPage":{"@id":"https:\/\/enecestudio.es\/?page_id=750#primaryimage"},"image":{"@id":"https:\/\/enecestudio.es\/?page_id=750#primaryimage"},"thumbnailUrl":"https:\/\/enecestudio.es\/wp-content\/uploads\/2024\/12\/Carinito-02-1024x1024.png","datePublished":"2025-01-08T19:14:45+00:00","dateModified":"2025-01-14T15:53:06+00:00","breadcrumb":{"@id":"https:\/\/enecestudio.es\/?page_id=750#breadcrumb"},"inLanguage":"en-US","potentialAction":[{"@type":"ReadAction","target":["https:\/\/enecestudio.es\/?page_id=750"]}]},{"@type":"ImageObject","inLanguage":"en-US","@id":"https:\/\/enecestudio.es\/?page_id=750#primaryimage","url":"https:\/\/enecestudio.es\/wp-content\/uploads\/2024\/12\/Carinito-02.png","contentUrl":"https:\/\/enecestudio.es\/wp-content\/uploads\/2024\/12\/Carinito-02.png","width":4500,"height":4500},{"@type":"BreadcrumbList","@id":"https:\/\/enecestudio.es\/?page_id=750#breadcrumb","itemListElement":[{"@type":"ListItem","position":1,"name":"Portada","item":"https:\/\/enecestudio.es\/"},{"@type":"ListItem","position":2,"name":"Cari\u00f1ito"}]},{"@type":"WebSite","@id":"https:\/\/enecestudio.es\/#website","url":"https:\/\/enecestudio.es\/","name":"Enece Studio","description":"Estudio de Branding en Zaragoza","publisher":{"@id":"https:\/\/enecestudio.es\/#organization"},"potentialAction":[{"@type":"SearchAction","target":{"@type":"EntryPoint","urlTemplate":"https:\/\/enecestudio.es\/?s={search_term_string}"},"query-input":{"@type":"PropertyValueSpecification","valueRequired":true,"valueName":"search_term_string"}}],"inLanguage":"en-US"},{"@type":"Organization","@id":"https:\/\/enecestudio.es\/#organization","name":"Enece Studio","url":"https:\/\/enecestudio.es\/","logo":{"@type":"ImageObject","inLanguage":"en-US","@id":"https:\/\/enecestudio.es\/#\/schema\/logo\/image\/","url":"https:\/\/enecestudio.es\/wp-content\/uploads\/2023\/12\/nombre.png","contentUrl":"https:\/\/enecestudio.es\/wp-content\/uploads\/2023\/12\/nombre.png","width":3167,"height":828,"caption":"Enece Studio"},"image":{"@id":"https:\/\/enecestudio.es\/#\/schema\/logo\/image\/"},"sameAs":["https:\/\/facebook.com\/enece.studio","https:\/\/instagram.com\/enecestudio"]}]}},"_links":{"self":[{"href":"https:\/\/enecestudio.es\/index.php?rest_route=\/wp\/v2\/pages\/750","targetHints":{"allow":["GET"]}}],"collection":[{"href":"https:\/\/enecestudio.es\/index.php?rest_route=\/wp\/v2\/pages"}],"about":[{"href":"https:\/\/enecestudio.es\/index.php?rest_route=\/wp\/v2\/types\/page"}],"author":[{"embeddable":true,"href":"https:\/\/enecestudio.es\/index.php?rest_route=\/wp\/v2\/users\/1"}],"replies":[{"embeddable":true,"href":"https:\/\/enecestudio.es\/index.php?rest_route=%2Fwp%2Fv2%2Fcomments&post=750"}],"version-history":[{"count":16,"href":"https:\/\/enecestudio.es\/index.php?rest_route=\/wp\/v2\/pages\/750\/revisions"}],"predecessor-version":[{"id":1090,"href":"https:\/\/enecestudio.es\/index.php?rest_route=\/wp\/v2\/pages\/750\/revisions\/1090"}],"wp:attachment":[{"href":"https:\/\/enecestudio.es\/index.php?rest_route=%2Fwp%2Fv2%2Fmedia&parent=750"}],"curies":[{"name":"wp","href":"https:\/\/api.w.org\/{rel}","templated":true}]}}