{"id":765,"date":"2025-01-08T19:47:09","date_gmt":"2025-01-08T19:47:09","guid":{"rendered":"https:\/\/enecestudio.es\/?page_id=765"},"modified":"2025-01-14T16:00:10","modified_gmt":"2025-01-14T16:00:10","slug":"kanemo","status":"publish","type":"page","link":"https:\/\/enecestudio.es\/?page_id=765","title":{"rendered":"Kanemo"},"content":{"rendered":"\t\t<div data-elementor-type=\"wp-page\" data-elementor-id=\"765\" class=\"elementor elementor-765\" data-elementor-post-type=\"page\">\n\t\t\t\t<div class=\"elementor-element elementor-element-5cb9a06 e-flex e-con-boxed e-con e-parent\" data-id=\"5cb9a06\" data-element_type=\"container\">\n\t\t\t\t\t<div class=\"e-con-inner\">\n\t\t<div class=\"elementor-element elementor-element-8b97e84 e-con-full e-flex e-con e-child\" data-id=\"8b97e84\" data-element_type=\"container\">\n\t\t\t\t<div class=\"elementor-element elementor-element-fe8a18c elementor-widget elementor-widget-image\" data-id=\"fe8a18c\" data-element_type=\"widget\" data-widget_type=\"image.default\">\n\t\t\t\t<div class=\"elementor-widget-container\">\n\t\t\t\t\t\t\t\t\t\t\t\t\t\t\t<img fetchpriority=\"high\" decoding=\"async\" width=\"1024\" height=\"768\" src=\"https:\/\/enecestudio.es\/wp-content\/uploads\/2025\/01\/Bolsa-KANEMO-1024x768.png\" class=\"attachment-large size-large wp-image-767\" alt=\"\" srcset=\"https:\/\/enecestudio.es\/wp-content\/uploads\/2025\/01\/Bolsa-KANEMO-1024x768.png 1024w, https:\/\/enecestudio.es\/wp-content\/uploads\/2025\/01\/Bolsa-KANEMO-300x225.png 300w, https:\/\/enecestudio.es\/wp-content\/uploads\/2025\/01\/Bolsa-KANEMO-768x576.png 768w, https:\/\/enecestudio.es\/wp-content\/uploads\/2025\/01\/Bolsa-KANEMO-1536x1152.png 1536w, https:\/\/enecestudio.es\/wp-content\/uploads\/2025\/01\/Bolsa-KANEMO-2048x1536.png 2048w\" sizes=\"(max-width: 1024px) 100vw, 1024px\" \/>\t\t\t\t\t\t\t\t\t\t\t\t\t\t\t<\/div>\n\t\t\t\t<\/div>\n\t\t\t\t<div class=\"elementor-element elementor-element-c61efeb elementor-widget elementor-widget-image\" data-id=\"c61efeb\" data-element_type=\"widget\" data-widget_type=\"image.default\">\n\t\t\t\t<div class=\"elementor-widget-container\">\n\t\t\t\t\t\t\t\t\t\t\t\t\t\t\t<img decoding=\"async\" width=\"1024\" height=\"682\" src=\"https:\/\/enecestudio.es\/wp-content\/uploads\/2025\/01\/Etiqueta-KANEMO-1024x682.png\" class=\"attachment-large size-large wp-image-768\" alt=\"\" srcset=\"https:\/\/enecestudio.es\/wp-content\/uploads\/2025\/01\/Etiqueta-KANEMO-1024x682.png 1024w, https:\/\/enecestudio.es\/wp-content\/uploads\/2025\/01\/Etiqueta-KANEMO-300x200.png 300w, https:\/\/enecestudio.es\/wp-content\/uploads\/2025\/01\/Etiqueta-KANEMO-768x512.png 768w, https:\/\/enecestudio.es\/wp-content\/uploads\/2025\/01\/Etiqueta-KANEMO-1536x1023.png 1536w, https:\/\/enecestudio.es\/wp-content\/uploads\/2025\/01\/Etiqueta-KANEMO-2048x1365.png 2048w\" sizes=\"(max-width: 1024px) 100vw, 1024px\" \/>\t\t\t\t\t\t\t\t\t\t\t\t\t\t\t<\/div>\n\t\t\t\t<\/div>\n\t\t\t\t<div class=\"elementor-element elementor-element-7237ab2 elementor-widget elementor-widget-image\" data-id=\"7237ab2\" data-element_type=\"widget\" data-widget_type=\"image.default\">\n\t\t\t\t<div class=\"elementor-widget-container\">\n\t\t\t\t\t\t\t\t\t\t\t\t\t\t\t<img decoding=\"async\" width=\"1024\" height=\"683\" src=\"https:\/\/enecestudio.es\/wp-content\/uploads\/2024\/02\/Cartel-KANEMO-1024x683.webp\" class=\"attachment-large size-large wp-image-204\" alt=\"\" srcset=\"https:\/\/enecestudio.es\/wp-content\/uploads\/2024\/02\/Cartel-KANEMO-1024x683.webp 1024w, https:\/\/enecestudio.es\/wp-content\/uploads\/2024\/02\/Cartel-KANEMO-300x200.webp 300w, https:\/\/enecestudio.es\/wp-content\/uploads\/2024\/02\/Cartel-KANEMO-768x512.webp 768w, https:\/\/enecestudio.es\/wp-content\/uploads\/2024\/02\/Cartel-KANEMO-1536x1024.webp 1536w, https:\/\/enecestudio.es\/wp-content\/uploads\/2024\/02\/Cartel-KANEMO-2048x1365.webp 2048w\" sizes=\"(max-width: 1024px) 100vw, 1024px\" \/>\t\t\t\t\t\t\t\t\t\t\t\t\t\t\t<\/div>\n\t\t\t\t<\/div>\n\t\t\t\t<div class=\"elementor-element elementor-element-b0c546b elementor-widget elementor-widget-image\" data-id=\"b0c546b\" data-element_type=\"widget\" data-widget_type=\"image.default\">\n\t\t\t\t<div class=\"elementor-widget-container\">\n\t\t\t\t\t\t\t\t\t\t\t\t\t\t\t<img loading=\"lazy\" decoding=\"async\" width=\"1024\" height=\"683\" src=\"https:\/\/enecestudio.es\/wp-content\/uploads\/2024\/12\/Saquito-KANEMO-1024x683.png\" class=\"attachment-large size-large wp-image-498\" alt=\"\" srcset=\"https:\/\/enecestudio.es\/wp-content\/uploads\/2024\/12\/Saquito-KANEMO-1024x683.png 1024w, https:\/\/enecestudio.es\/wp-content\/uploads\/2024\/12\/Saquito-KANEMO-300x200.png 300w, https:\/\/enecestudio.es\/wp-content\/uploads\/2024\/12\/Saquito-KANEMO-768x512.png 768w, https:\/\/enecestudio.es\/wp-content\/uploads\/2024\/12\/Saquito-KANEMO-1536x1024.png 1536w, https:\/\/enecestudio.es\/wp-content\/uploads\/2024\/12\/Saquito-KANEMO-2048x1365.png 2048w\" sizes=\"(max-width: 1024px) 100vw, 1024px\" \/>\t\t\t\t\t\t\t\t\t\t\t\t\t\t\t<\/div>\n\t\t\t\t<\/div>\n\t\t\t\t<\/div>\n\t\t<div class=\"elementor-element elementor-element-fcfed05 e-con-full e-flex e-con e-child\" data-id=\"fcfed05\" data-element_type=\"container\">\n\t\t\t\t<div class=\"elementor-element elementor-element-7b70821 elementor-widget elementor-widget-spacer\" data-id=\"7b70821\" data-element_type=\"widget\" data-widget_type=\"spacer.default\">\n\t\t\t\t<div class=\"elementor-widget-container\">\n\t\t\t\t\t\t\t<div class=\"elementor-spacer\">\n\t\t\t<div class=\"elementor-spacer-inner\"><\/div>\n\t\t<\/div>\n\t\t\t\t\t\t<\/div>\n\t\t\t\t<\/div>\n\t\t\t\t<div class=\"elementor-element elementor-element-0560783 elementor-widget elementor-widget-heading\" data-id=\"0560783\" data-element_type=\"widget\" data-widget_type=\"heading.default\">\n\t\t\t\t<div class=\"elementor-widget-container\">\n\t\t\t\t\t<h2 class=\"elementor-heading-title elementor-size-default\">Kanemo<\/h2>\t\t\t\t<\/div>\n\t\t\t\t<\/div>\n\t\t\t\t<div class=\"elementor-element elementor-element-80772d0 elementor-widget elementor-widget-heading\" data-id=\"80772d0\" data-element_type=\"widget\" data-widget_type=\"heading.default\">\n\t\t\t\t<div class=\"elementor-widget-container\">\n\t\t\t\t\t<h2 class=\"elementor-heading-title elementor-size-default\">\/ MODA Y EVENTOS<\/h2>\t\t\t\t<\/div>\n\t\t\t\t<\/div>\n\t\t\t\t<div class=\"elementor-element elementor-element-c3a143c elementor-widget elementor-widget-text-editor\" data-id=\"c3a143c\" data-element_type=\"widget\" data-widget_type=\"text-editor.default\">\n\t\t\t\t<div class=\"elementor-widget-container\">\n\t\t\t\t\t\t\t\t\t<p>Este proyecto constaba de dise\u00f1ar un logotipo para una empresa de moda y eventos. La marca se caracteriza por ser elegante y exclusiva, sofisticada y al mismo tiempo especial.&nbsp;<\/p>\n<p>En sus dise\u00f1os podemos observar tramos rectos haciendo honor a esa elegancia y sofisticaci\u00f3n por la que tanto se caracteriza el mundo de la moda. Pero tambi\u00e9n nos encontramos con tramos curvos y alg\u00fan dibujo minimalista, diferenci\u00e1ndose as\u00ed de las marcas de su competencia haci\u00e9ndola m\u00e1s exclusiva y tan especial como lo son sus eventos.<\/p>\n<p>Las dos tipograf\u00edas elegidas tambi\u00e9n reflejan todo lo mencionado anteriormente, una m\u00e1s recta y elegante y otras m\u00e1s fluidas y creativas (como su isotipo). Y es que, si por algo se caracteriza KANEMO es por todo lo que tiene que ver con fluir, volar alto y crecer. Y, hablando de crecimiento, eso es lo que simbolizan las dos flores que hemos incluido d\u00e1ndole a la marca ese toque de color.<\/p>\t\t\t\t\t\t\t\t<\/div>\n\t\t\t\t<\/div>\n\t\t\t\t<\/div>\n\t\t\t\t\t<\/div>\n\t\t\t\t<\/div>\n\t\t\t\t<\/div>\n\t\t","protected":false},"excerpt":{"rendered":"<p>Kanemo \/ MODA Y EVENTOS Este proyecto constaba de dise\u00f1ar un logotipo para una empresa de moda y eventos. La [&hellip;]<\/p>\n","protected":false},"author":1,"featured_media":0,"parent":0,"menu_order":0,"comment_status":"closed","ping_status":"closed","template":"","meta":{"site-sidebar-layout":"no-sidebar","site-content-layout":"","ast-site-content-layout":"full-width-container","site-content-style":"default","site-sidebar-style":"default","ast-global-header-display":"","ast-banner-title-visibility":"","ast-main-header-display":"","ast-hfb-above-header-display":"","ast-hfb-below-header-display":"","ast-hfb-mobile-header-display":"","site-post-title":"disabled","ast-breadcrumbs-content":"","ast-featured-img":"disabled","footer-sml-layout":"","theme-transparent-header-meta":"","adv-header-id-meta":"","stick-header-meta":"","header-above-stick-meta":"","header-main-stick-meta":"","header-below-stick-meta":"","astra-migrate-meta-layouts":"default","ast-page-background-enabled":"default","ast-page-background-meta":{"desktop":{"background-color":"var(--ast-global-color-4)","background-image":"","background-repeat":"repeat","background-position":"center center","background-size":"auto","background-attachment":"scroll","background-type":"","background-media":"","overlay-type":"","overlay-color":"","overlay-opacity":"","overlay-gradient":""},"tablet":{"background-color":"","background-image":"","background-repeat":"repeat","background-position":"center center","background-size":"auto","background-attachment":"scroll","background-type":"","background-media":"","overlay-type":"","overlay-color":"","overlay-opacity":"","overlay-gradient":""},"mobile":{"background-color":"","background-image":"","background-repeat":"repeat","background-position":"center center","background-size":"auto","background-attachment":"scroll","background-type":"","background-media":"","overlay-type":"","overlay-color":"","overlay-opacity":"","overlay-gradient":""}},"ast-content-background-meta":{"desktop":{"background-color":"var(--ast-global-color-5)","background-image":"","background-repeat":"repeat","background-position":"center center","background-size":"auto","background-attachment":"scroll","background-type":"","background-media":"","overlay-type":"","overlay-color":"","overlay-opacity":"","overlay-gradient":""},"tablet":{"background-color":"var(--ast-global-color-5)","background-image":"","background-repeat":"repeat","background-position":"center center","background-size":"auto","background-attachment":"scroll","background-type":"","background-media":"","overlay-type":"","overlay-color":"","overlay-opacity":"","overlay-gradient":""},"mobile":{"background-color":"var(--ast-global-color-5)","background-image":"","background-repeat":"repeat","background-position":"center center","background-size":"auto","background-attachment":"scroll","background-type":"","background-media":"","overlay-type":"","overlay-color":"","overlay-opacity":"","overlay-gradient":""}},"footnotes":""},"class_list":["post-765","page","type-page","status-publish","hentry"],"yoast_head":"<!-- This site is optimized with the Yoast SEO plugin v25.3.1 - https:\/\/yoast.com\/wordpress\/plugins\/seo\/ -->\n<title>Kanemo - Enece Studio<\/title>\n<meta name=\"robots\" content=\"index, follow, max-snippet:-1, max-image-preview:large, max-video-preview:-1\" \/>\n<link rel=\"canonical\" href=\"https:\/\/enecestudio.es\/?page_id=765\" \/>\n<meta property=\"og:locale\" content=\"en_US\" \/>\n<meta property=\"og:type\" content=\"article\" \/>\n<meta property=\"og:title\" content=\"Kanemo - Enece Studio\" \/>\n<meta property=\"og:description\" content=\"Kanemo \/ MODA Y EVENTOS Este proyecto constaba de dise\u00f1ar un logotipo para una empresa de moda y eventos. La [&hellip;]\" \/>\n<meta property=\"og:url\" content=\"https:\/\/enecestudio.es\/?page_id=765\" \/>\n<meta property=\"og:site_name\" content=\"Enece Studio\" \/>\n<meta property=\"article:publisher\" content=\"https:\/\/facebook.com\/enece.studio\" \/>\n<meta property=\"article:modified_time\" content=\"2025-01-14T16:00:10+00:00\" \/>\n<meta property=\"og:image\" content=\"https:\/\/enecestudio.es\/wp-content\/uploads\/2025\/01\/Bolsa-KANEMO-1024x768.png\" \/>\n\t<meta property=\"og:image:width\" content=\"1024\" \/>\n\t<meta property=\"og:image:height\" content=\"768\" \/>\n\t<meta property=\"og:image:type\" content=\"image\/png\" \/>\n<meta name=\"twitter:card\" content=\"summary_large_image\" \/>\n<meta name=\"twitter:label1\" content=\"Est. reading time\" \/>\n\t<meta name=\"twitter:data1\" content=\"1 minute\" \/>\n<script type=\"application\/ld+json\" class=\"yoast-schema-graph\">{\"@context\":\"https:\/\/schema.org\",\"@graph\":[{\"@type\":\"WebPage\",\"@id\":\"https:\/\/enecestudio.es\/?page_id=765\",\"url\":\"https:\/\/enecestudio.es\/?page_id=765\",\"name\":\"Kanemo - Enece Studio\",\"isPartOf\":{\"@id\":\"https:\/\/enecestudio.es\/#website\"},\"primaryImageOfPage\":{\"@id\":\"https:\/\/enecestudio.es\/?page_id=765#primaryimage\"},\"image\":{\"@id\":\"https:\/\/enecestudio.es\/?page_id=765#primaryimage\"},\"thumbnailUrl\":\"https:\/\/enecestudio.es\/wp-content\/uploads\/2025\/01\/Bolsa-KANEMO-1024x768.png\",\"datePublished\":\"2025-01-08T19:47:09+00:00\",\"dateModified\":\"2025-01-14T16:00:10+00:00\",\"breadcrumb\":{\"@id\":\"https:\/\/enecestudio.es\/?page_id=765#breadcrumb\"},\"inLanguage\":\"en-US\",\"potentialAction\":[{\"@type\":\"ReadAction\",\"target\":[\"https:\/\/enecestudio.es\/?page_id=765\"]}]},{\"@type\":\"ImageObject\",\"inLanguage\":\"en-US\",\"@id\":\"https:\/\/enecestudio.es\/?page_id=765#primaryimage\",\"url\":\"https:\/\/enecestudio.es\/wp-content\/uploads\/2025\/01\/Bolsa-KANEMO.png\",\"contentUrl\":\"https:\/\/enecestudio.es\/wp-content\/uploads\/2025\/01\/Bolsa-KANEMO.png\",\"width\":3000,\"height\":2250},{\"@type\":\"BreadcrumbList\",\"@id\":\"https:\/\/enecestudio.es\/?page_id=765#breadcrumb\",\"itemListElement\":[{\"@type\":\"ListItem\",\"position\":1,\"name\":\"Portada\",\"item\":\"https:\/\/enecestudio.es\/\"},{\"@type\":\"ListItem\",\"position\":2,\"name\":\"Kanemo\"}]},{\"@type\":\"WebSite\",\"@id\":\"https:\/\/enecestudio.es\/#website\",\"url\":\"https:\/\/enecestudio.es\/\",\"name\":\"Enece Studio\",\"description\":\"Estudio de Branding en Zaragoza\",\"publisher\":{\"@id\":\"https:\/\/enecestudio.es\/#organization\"},\"potentialAction\":[{\"@type\":\"SearchAction\",\"target\":{\"@type\":\"EntryPoint\",\"urlTemplate\":\"https:\/\/enecestudio.es\/?s={search_term_string}\"},\"query-input\":{\"@type\":\"PropertyValueSpecification\",\"valueRequired\":true,\"valueName\":\"search_term_string\"}}],\"inLanguage\":\"en-US\"},{\"@type\":\"Organization\",\"@id\":\"https:\/\/enecestudio.es\/#organization\",\"name\":\"Enece Studio\",\"url\":\"https:\/\/enecestudio.es\/\",\"logo\":{\"@type\":\"ImageObject\",\"inLanguage\":\"en-US\",\"@id\":\"https:\/\/enecestudio.es\/#\/schema\/logo\/image\/\",\"url\":\"https:\/\/enecestudio.es\/wp-content\/uploads\/2023\/12\/nombre.png\",\"contentUrl\":\"https:\/\/enecestudio.es\/wp-content\/uploads\/2023\/12\/nombre.png\",\"width\":3167,\"height\":828,\"caption\":\"Enece Studio\"},\"image\":{\"@id\":\"https:\/\/enecestudio.es\/#\/schema\/logo\/image\/\"},\"sameAs\":[\"https:\/\/facebook.com\/enece.studio\",\"https:\/\/instagram.com\/enecestudio\"]}]}<\/script>\n<!-- \/ Yoast SEO plugin. -->","yoast_head_json":{"title":"Kanemo - Enece Studio","robots":{"index":"index","follow":"follow","max-snippet":"max-snippet:-1","max-image-preview":"max-image-preview:large","max-video-preview":"max-video-preview:-1"},"canonical":"https:\/\/enecestudio.es\/?page_id=765","og_locale":"en_US","og_type":"article","og_title":"Kanemo - Enece Studio","og_description":"Kanemo \/ MODA Y EVENTOS Este proyecto constaba de dise\u00f1ar un logotipo para una empresa de moda y eventos. La [&hellip;]","og_url":"https:\/\/enecestudio.es\/?page_id=765","og_site_name":"Enece Studio","article_publisher":"https:\/\/facebook.com\/enece.studio","article_modified_time":"2025-01-14T16:00:10+00:00","og_image":[{"width":1024,"height":768,"url":"https:\/\/enecestudio.es\/wp-content\/uploads\/2025\/01\/Bolsa-KANEMO-1024x768.png","type":"image\/png"}],"twitter_card":"summary_large_image","twitter_misc":{"Est. reading time":"1 minute"},"schema":{"@context":"https:\/\/schema.org","@graph":[{"@type":"WebPage","@id":"https:\/\/enecestudio.es\/?page_id=765","url":"https:\/\/enecestudio.es\/?page_id=765","name":"Kanemo - Enece Studio","isPartOf":{"@id":"https:\/\/enecestudio.es\/#website"},"primaryImageOfPage":{"@id":"https:\/\/enecestudio.es\/?page_id=765#primaryimage"},"image":{"@id":"https:\/\/enecestudio.es\/?page_id=765#primaryimage"},"thumbnailUrl":"https:\/\/enecestudio.es\/wp-content\/uploads\/2025\/01\/Bolsa-KANEMO-1024x768.png","datePublished":"2025-01-08T19:47:09+00:00","dateModified":"2025-01-14T16:00:10+00:00","breadcrumb":{"@id":"https:\/\/enecestudio.es\/?page_id=765#breadcrumb"},"inLanguage":"en-US","potentialAction":[{"@type":"ReadAction","target":["https:\/\/enecestudio.es\/?page_id=765"]}]},{"@type":"ImageObject","inLanguage":"en-US","@id":"https:\/\/enecestudio.es\/?page_id=765#primaryimage","url":"https:\/\/enecestudio.es\/wp-content\/uploads\/2025\/01\/Bolsa-KANEMO.png","contentUrl":"https:\/\/enecestudio.es\/wp-content\/uploads\/2025\/01\/Bolsa-KANEMO.png","width":3000,"height":2250},{"@type":"BreadcrumbList","@id":"https:\/\/enecestudio.es\/?page_id=765#breadcrumb","itemListElement":[{"@type":"ListItem","position":1,"name":"Portada","item":"https:\/\/enecestudio.es\/"},{"@type":"ListItem","position":2,"name":"Kanemo"}]},{"@type":"WebSite","@id":"https:\/\/enecestudio.es\/#website","url":"https:\/\/enecestudio.es\/","name":"Enece Studio","description":"Estudio de Branding en Zaragoza","publisher":{"@id":"https:\/\/enecestudio.es\/#organization"},"potentialAction":[{"@type":"SearchAction","target":{"@type":"EntryPoint","urlTemplate":"https:\/\/enecestudio.es\/?s={search_term_string}"},"query-input":{"@type":"PropertyValueSpecification","valueRequired":true,"valueName":"search_term_string"}}],"inLanguage":"en-US"},{"@type":"Organization","@id":"https:\/\/enecestudio.es\/#organization","name":"Enece Studio","url":"https:\/\/enecestudio.es\/","logo":{"@type":"ImageObject","inLanguage":"en-US","@id":"https:\/\/enecestudio.es\/#\/schema\/logo\/image\/","url":"https:\/\/enecestudio.es\/wp-content\/uploads\/2023\/12\/nombre.png","contentUrl":"https:\/\/enecestudio.es\/wp-content\/uploads\/2023\/12\/nombre.png","width":3167,"height":828,"caption":"Enece Studio"},"image":{"@id":"https:\/\/enecestudio.es\/#\/schema\/logo\/image\/"},"sameAs":["https:\/\/facebook.com\/enece.studio","https:\/\/instagram.com\/enecestudio"]}]}},"_links":{"self":[{"href":"https:\/\/enecestudio.es\/index.php?rest_route=\/wp\/v2\/pages\/765","targetHints":{"allow":["GET"]}}],"collection":[{"href":"https:\/\/enecestudio.es\/index.php?rest_route=\/wp\/v2\/pages"}],"about":[{"href":"https:\/\/enecestudio.es\/index.php?rest_route=\/wp\/v2\/types\/page"}],"author":[{"embeddable":true,"href":"https:\/\/enecestudio.es\/index.php?rest_route=\/wp\/v2\/users\/1"}],"replies":[{"embeddable":true,"href":"https:\/\/enecestudio.es\/index.php?rest_route=%2Fwp%2Fv2%2Fcomments&post=765"}],"version-history":[{"count":10,"href":"https:\/\/enecestudio.es\/index.php?rest_route=\/wp\/v2\/pages\/765\/revisions"}],"predecessor-version":[{"id":1097,"href":"https:\/\/enecestudio.es\/index.php?rest_route=\/wp\/v2\/pages\/765\/revisions\/1097"}],"wp:attachment":[{"href":"https:\/\/enecestudio.es\/index.php?rest_route=%2Fwp%2Fv2%2Fmedia&parent=765"}],"curies":[{"name":"wp","href":"https:\/\/api.w.org\/{rel}","templated":true}]}}