{"id":776,"date":"2025-01-10T14:47:23","date_gmt":"2025-01-10T14:47:23","guid":{"rendered":"https:\/\/enecestudio.es\/?page_id=776"},"modified":"2025-01-14T16:09:40","modified_gmt":"2025-01-14T16:09:40","slug":"scuru-cooks","status":"publish","type":"page","link":"https:\/\/enecestudio.es\/?page_id=776","title":{"rendered":"Scuru Cooks"},"content":{"rendered":"\t\t<div data-elementor-type=\"wp-page\" data-elementor-id=\"776\" class=\"elementor elementor-776\" data-elementor-post-type=\"page\">\n\t\t\t\t<div class=\"elementor-element elementor-element-9cc8625 e-flex e-con-boxed e-con e-parent\" data-id=\"9cc8625\" data-element_type=\"container\">\n\t\t\t\t\t<div class=\"e-con-inner\">\n\t\t<div class=\"elementor-element elementor-element-09bf26f e-con-full e-flex e-con e-child\" data-id=\"09bf26f\" data-element_type=\"container\">\n\t\t\t\t<div class=\"elementor-element elementor-element-620dbb8 elementor-widget elementor-widget-image\" data-id=\"620dbb8\" data-element_type=\"widget\" data-widget_type=\"image.default\">\n\t\t\t\t<div class=\"elementor-widget-container\">\n\t\t\t\t\t\t\t\t\t\t\t\t\t\t\t<img fetchpriority=\"high\" decoding=\"async\" width=\"1024\" height=\"1024\" src=\"https:\/\/enecestudio.es\/wp-content\/uploads\/2025\/01\/Fotos-Scuru_Mesa-de-trabajo-1-1024x1024.png\" class=\"attachment-large size-large wp-image-778\" alt=\"\" srcset=\"https:\/\/enecestudio.es\/wp-content\/uploads\/2025\/01\/Fotos-Scuru_Mesa-de-trabajo-1-1024x1024.png 1024w, https:\/\/enecestudio.es\/wp-content\/uploads\/2025\/01\/Fotos-Scuru_Mesa-de-trabajo-1-300x300.png 300w, https:\/\/enecestudio.es\/wp-content\/uploads\/2025\/01\/Fotos-Scuru_Mesa-de-trabajo-1-150x150.png 150w, https:\/\/enecestudio.es\/wp-content\/uploads\/2025\/01\/Fotos-Scuru_Mesa-de-trabajo-1-768x768.png 768w, https:\/\/enecestudio.es\/wp-content\/uploads\/2025\/01\/Fotos-Scuru_Mesa-de-trabajo-1-1536x1536.png 1536w, https:\/\/enecestudio.es\/wp-content\/uploads\/2025\/01\/Fotos-Scuru_Mesa-de-trabajo-1-2048x2048.png 2048w\" sizes=\"(max-width: 1024px) 100vw, 1024px\" \/>\t\t\t\t\t\t\t\t\t\t\t\t\t\t\t<\/div>\n\t\t\t\t<\/div>\n\t\t\t\t<div class=\"elementor-element elementor-element-7a46671 elementor-widget elementor-widget-image\" data-id=\"7a46671\" data-element_type=\"widget\" data-widget_type=\"image.default\">\n\t\t\t\t<div class=\"elementor-widget-container\">\n\t\t\t\t\t\t\t\t\t\t\t\t\t\t\t<img decoding=\"async\" width=\"1024\" height=\"1024\" src=\"https:\/\/enecestudio.es\/wp-content\/uploads\/2025\/01\/Fotos-Scuru-02-1024x1024.png\" class=\"attachment-large size-large wp-image-779\" alt=\"\" srcset=\"https:\/\/enecestudio.es\/wp-content\/uploads\/2025\/01\/Fotos-Scuru-02-1024x1024.png 1024w, https:\/\/enecestudio.es\/wp-content\/uploads\/2025\/01\/Fotos-Scuru-02-300x300.png 300w, https:\/\/enecestudio.es\/wp-content\/uploads\/2025\/01\/Fotos-Scuru-02-150x150.png 150w, https:\/\/enecestudio.es\/wp-content\/uploads\/2025\/01\/Fotos-Scuru-02-768x768.png 768w, https:\/\/enecestudio.es\/wp-content\/uploads\/2025\/01\/Fotos-Scuru-02-1536x1536.png 1536w, https:\/\/enecestudio.es\/wp-content\/uploads\/2025\/01\/Fotos-Scuru-02-2048x2048.png 2048w\" sizes=\"(max-width: 1024px) 100vw, 1024px\" \/>\t\t\t\t\t\t\t\t\t\t\t\t\t\t\t<\/div>\n\t\t\t\t<\/div>\n\t\t\t\t<div class=\"elementor-element elementor-element-1169ada elementor-widget elementor-widget-image\" data-id=\"1169ada\" data-element_type=\"widget\" data-widget_type=\"image.default\">\n\t\t\t\t<div class=\"elementor-widget-container\">\n\t\t\t\t\t\t\t\t\t\t\t\t\t\t\t<img decoding=\"async\" width=\"1024\" height=\"1024\" src=\"https:\/\/enecestudio.es\/wp-content\/uploads\/2025\/01\/Fotos-Scuru-03-1024x1024.png\" class=\"attachment-large size-large wp-image-780\" alt=\"\" srcset=\"https:\/\/enecestudio.es\/wp-content\/uploads\/2025\/01\/Fotos-Scuru-03-1024x1024.png 1024w, https:\/\/enecestudio.es\/wp-content\/uploads\/2025\/01\/Fotos-Scuru-03-300x300.png 300w, https:\/\/enecestudio.es\/wp-content\/uploads\/2025\/01\/Fotos-Scuru-03-150x150.png 150w, https:\/\/enecestudio.es\/wp-content\/uploads\/2025\/01\/Fotos-Scuru-03-768x768.png 768w, https:\/\/enecestudio.es\/wp-content\/uploads\/2025\/01\/Fotos-Scuru-03-1536x1536.png 1536w, https:\/\/enecestudio.es\/wp-content\/uploads\/2025\/01\/Fotos-Scuru-03-2048x2048.png 2048w\" sizes=\"(max-width: 1024px) 100vw, 1024px\" \/>\t\t\t\t\t\t\t\t\t\t\t\t\t\t\t<\/div>\n\t\t\t\t<\/div>\n\t\t\t\t<div class=\"elementor-element elementor-element-81815b2 elementor-widget elementor-widget-image\" data-id=\"81815b2\" data-element_type=\"widget\" data-widget_type=\"image.default\">\n\t\t\t\t<div class=\"elementor-widget-container\">\n\t\t\t\t\t\t\t\t\t\t\t\t\t\t\t<img loading=\"lazy\" decoding=\"async\" width=\"1024\" height=\"1024\" src=\"https:\/\/enecestudio.es\/wp-content\/uploads\/2025\/01\/Fotos-Scuru-04-1024x1024.png\" class=\"attachment-large size-large wp-image-781\" alt=\"\" srcset=\"https:\/\/enecestudio.es\/wp-content\/uploads\/2025\/01\/Fotos-Scuru-04-1024x1024.png 1024w, https:\/\/enecestudio.es\/wp-content\/uploads\/2025\/01\/Fotos-Scuru-04-300x300.png 300w, https:\/\/enecestudio.es\/wp-content\/uploads\/2025\/01\/Fotos-Scuru-04-150x150.png 150w, https:\/\/enecestudio.es\/wp-content\/uploads\/2025\/01\/Fotos-Scuru-04-768x768.png 768w, https:\/\/enecestudio.es\/wp-content\/uploads\/2025\/01\/Fotos-Scuru-04-1536x1536.png 1536w, https:\/\/enecestudio.es\/wp-content\/uploads\/2025\/01\/Fotos-Scuru-04-2048x2048.png 2048w\" sizes=\"(max-width: 1024px) 100vw, 1024px\" \/>\t\t\t\t\t\t\t\t\t\t\t\t\t\t\t<\/div>\n\t\t\t\t<\/div>\n\t\t\t\t<\/div>\n\t\t<div class=\"elementor-element elementor-element-d0e93a8 e-con-full e-flex e-con e-child\" data-id=\"d0e93a8\" data-element_type=\"container\">\n\t\t\t\t<div class=\"elementor-element elementor-element-e243759 elementor-widget elementor-widget-spacer\" data-id=\"e243759\" data-element_type=\"widget\" data-widget_type=\"spacer.default\">\n\t\t\t\t<div class=\"elementor-widget-container\">\n\t\t\t\t\t\t\t<div class=\"elementor-spacer\">\n\t\t\t<div class=\"elementor-spacer-inner\"><\/div>\n\t\t<\/div>\n\t\t\t\t\t\t<\/div>\n\t\t\t\t<\/div>\n\t\t\t\t<div class=\"elementor-element elementor-element-d679a26 elementor-widget elementor-widget-heading\" data-id=\"d679a26\" data-element_type=\"widget\" data-widget_type=\"heading.default\">\n\t\t\t\t<div class=\"elementor-widget-container\">\n\t\t\t\t\t<h2 class=\"elementor-heading-title elementor-size-default\">Scuru Cooks<\/h2>\t\t\t\t<\/div>\n\t\t\t\t<\/div>\n\t\t\t\t<div class=\"elementor-element elementor-element-cf78df0 elementor-widget elementor-widget-heading\" data-id=\"cf78df0\" data-element_type=\"widget\" data-widget_type=\"heading.default\">\n\t\t\t\t<div class=\"elementor-widget-container\">\n\t\t\t\t\t<h2 class=\"elementor-heading-title elementor-size-default\">\/ CUENTA DE RECETAS<\/h2>\t\t\t\t<\/div>\n\t\t\t\t<\/div>\n\t\t\t\t<div class=\"elementor-element elementor-element-64aeb0c elementor-widget elementor-widget-text-editor\" data-id=\"64aeb0c\" data-element_type=\"widget\" data-widget_type=\"text-editor.default\">\n\t\t\t\t<div class=\"elementor-widget-container\">\n\t\t\t\t\t\t\t\t\t<p>Este proyecto constaba del dise\u00f1o de una identidad visual para una cuenta de recetas de Instagram. Ten\u00edamos claro que ten\u00eda que ser un dise\u00f1o que combinase elementos hechos a mano alzada con una tipograf\u00eda llamativa y moderna.<\/p>\n<p>Estas ilustraciones hacen referencia a que cada una de sus recetas son elaboradas completamente a mano, de forma tradicional y con ingredientes de calidad, pero incluyendo tambi\u00e9n aspectos de la cocina moderna, de ah\u00ed su tipograf\u00eda principal.<\/p>\n<p>En cuanto a la tipograf\u00eda secundaria, elegimos una de estilo handmade haciendo referencia a su elaboraci\u00f3n casera que tanto se muestra en el perfil. Ya que, si por algo se caracteriza Scuru Cooks es por su contenido grabado cotidianamente en casa y obtener unos resultados irresistibles en sus platos.<\/p>\n<p><\/p>\t\t\t\t\t\t\t\t<\/div>\n\t\t\t\t<\/div>\n\t\t\t\t<\/div>\n\t\t\t\t\t<\/div>\n\t\t\t\t<\/div>\n\t\t\t\t<\/div>\n\t\t","protected":false},"excerpt":{"rendered":"<p>Scuru Cooks \/ CUENTA DE RECETAS Este proyecto constaba del dise\u00f1o de una identidad visual para una cuenta de recetas [&hellip;]<\/p>\n","protected":false},"author":1,"featured_media":0,"parent":0,"menu_order":0,"comment_status":"closed","ping_status":"closed","template":"","meta":{"site-sidebar-layout":"no-sidebar","site-content-layout":"","ast-site-content-layout":"full-width-container","site-content-style":"default","site-sidebar-style":"default","ast-global-header-display":"","ast-banner-title-visibility":"","ast-main-header-display":"","ast-hfb-above-header-display":"","ast-hfb-below-header-display":"","ast-hfb-mobile-header-display":"","site-post-title":"disabled","ast-breadcrumbs-content":"","ast-featured-img":"disabled","footer-sml-layout":"","theme-transparent-header-meta":"","adv-header-id-meta":"","stick-header-meta":"","header-above-stick-meta":"","header-main-stick-meta":"","header-below-stick-meta":"","astra-migrate-meta-layouts":"default","ast-page-background-enabled":"default","ast-page-background-meta":{"desktop":{"background-color":"var(--ast-global-color-4)","background-image":"","background-repeat":"repeat","background-position":"center center","background-size":"auto","background-attachment":"scroll","background-type":"","background-media":"","overlay-type":"","overlay-color":"","overlay-opacity":"","overlay-gradient":""},"tablet":{"background-color":"","background-image":"","background-repeat":"repeat","background-position":"center center","background-size":"auto","background-attachment":"scroll","background-type":"","background-media":"","overlay-type":"","overlay-color":"","overlay-opacity":"","overlay-gradient":""},"mobile":{"background-color":"","background-image":"","background-repeat":"repeat","background-position":"center center","background-size":"auto","background-attachment":"scroll","background-type":"","background-media":"","overlay-type":"","overlay-color":"","overlay-opacity":"","overlay-gradient":""}},"ast-content-background-meta":{"desktop":{"background-color":"var(--ast-global-color-5)","background-image":"","background-repeat":"repeat","background-position":"center center","background-size":"auto","background-attachment":"scroll","background-type":"","background-media":"","overlay-type":"","overlay-color":"","overlay-opacity":"","overlay-gradient":""},"tablet":{"background-color":"var(--ast-global-color-5)","background-image":"","background-repeat":"repeat","background-position":"center center","background-size":"auto","background-attachment":"scroll","background-type":"","background-media":"","overlay-type":"","overlay-color":"","overlay-opacity":"","overlay-gradient":""},"mobile":{"background-color":"var(--ast-global-color-5)","background-image":"","background-repeat":"repeat","background-position":"center center","background-size":"auto","background-attachment":"scroll","background-type":"","background-media":"","overlay-type":"","overlay-color":"","overlay-opacity":"","overlay-gradient":""}},"footnotes":""},"class_list":["post-776","page","type-page","status-publish","hentry"],"yoast_head":"<!-- This site is optimized with the Yoast SEO plugin v25.3.1 - https:\/\/yoast.com\/wordpress\/plugins\/seo\/ -->\n<title>Scuru Cooks - Enece Studio<\/title>\n<meta name=\"robots\" content=\"index, follow, max-snippet:-1, max-image-preview:large, max-video-preview:-1\" \/>\n<link rel=\"canonical\" href=\"https:\/\/enecestudio.es\/?page_id=776\" \/>\n<meta property=\"og:locale\" content=\"en_US\" \/>\n<meta property=\"og:type\" content=\"article\" \/>\n<meta property=\"og:title\" content=\"Scuru Cooks - Enece Studio\" \/>\n<meta property=\"og:description\" content=\"Scuru Cooks \/ CUENTA DE RECETAS Este proyecto constaba del dise\u00f1o de una identidad visual para una cuenta de recetas [&hellip;]\" \/>\n<meta property=\"og:url\" content=\"https:\/\/enecestudio.es\/?page_id=776\" \/>\n<meta property=\"og:site_name\" content=\"Enece Studio\" \/>\n<meta property=\"article:publisher\" content=\"https:\/\/facebook.com\/enece.studio\" \/>\n<meta property=\"article:modified_time\" content=\"2025-01-14T16:09:40+00:00\" \/>\n<meta property=\"og:image\" content=\"https:\/\/enecestudio.es\/wp-content\/uploads\/2025\/01\/Fotos-Scuru_Mesa-de-trabajo-1-1024x1024.png\" \/>\n\t<meta property=\"og:image:width\" content=\"1024\" \/>\n\t<meta property=\"og:image:height\" content=\"1024\" \/>\n\t<meta property=\"og:image:type\" content=\"image\/png\" \/>\n<meta name=\"twitter:card\" content=\"summary_large_image\" \/>\n<meta name=\"twitter:label1\" content=\"Est. reading time\" \/>\n\t<meta name=\"twitter:data1\" content=\"1 minute\" \/>\n<script type=\"application\/ld+json\" class=\"yoast-schema-graph\">{\"@context\":\"https:\/\/schema.org\",\"@graph\":[{\"@type\":\"WebPage\",\"@id\":\"https:\/\/enecestudio.es\/?page_id=776\",\"url\":\"https:\/\/enecestudio.es\/?page_id=776\",\"name\":\"Scuru Cooks - Enece Studio\",\"isPartOf\":{\"@id\":\"https:\/\/enecestudio.es\/#website\"},\"primaryImageOfPage\":{\"@id\":\"https:\/\/enecestudio.es\/?page_id=776#primaryimage\"},\"image\":{\"@id\":\"https:\/\/enecestudio.es\/?page_id=776#primaryimage\"},\"thumbnailUrl\":\"https:\/\/enecestudio.es\/wp-content\/uploads\/2025\/01\/Fotos-Scuru_Mesa-de-trabajo-1-1024x1024.png\",\"datePublished\":\"2025-01-10T14:47:23+00:00\",\"dateModified\":\"2025-01-14T16:09:40+00:00\",\"breadcrumb\":{\"@id\":\"https:\/\/enecestudio.es\/?page_id=776#breadcrumb\"},\"inLanguage\":\"en-US\",\"potentialAction\":[{\"@type\":\"ReadAction\",\"target\":[\"https:\/\/enecestudio.es\/?page_id=776\"]}]},{\"@type\":\"ImageObject\",\"inLanguage\":\"en-US\",\"@id\":\"https:\/\/enecestudio.es\/?page_id=776#primaryimage\",\"url\":\"https:\/\/enecestudio.es\/wp-content\/uploads\/2025\/01\/Fotos-Scuru_Mesa-de-trabajo-1.png\",\"contentUrl\":\"https:\/\/enecestudio.es\/wp-content\/uploads\/2025\/01\/Fotos-Scuru_Mesa-de-trabajo-1.png\",\"width\":4500,\"height\":4500},{\"@type\":\"BreadcrumbList\",\"@id\":\"https:\/\/enecestudio.es\/?page_id=776#breadcrumb\",\"itemListElement\":[{\"@type\":\"ListItem\",\"position\":1,\"name\":\"Portada\",\"item\":\"https:\/\/enecestudio.es\/\"},{\"@type\":\"ListItem\",\"position\":2,\"name\":\"Scuru Cooks\"}]},{\"@type\":\"WebSite\",\"@id\":\"https:\/\/enecestudio.es\/#website\",\"url\":\"https:\/\/enecestudio.es\/\",\"name\":\"Enece Studio\",\"description\":\"Estudio de Branding en Zaragoza\",\"publisher\":{\"@id\":\"https:\/\/enecestudio.es\/#organization\"},\"potentialAction\":[{\"@type\":\"SearchAction\",\"target\":{\"@type\":\"EntryPoint\",\"urlTemplate\":\"https:\/\/enecestudio.es\/?s={search_term_string}\"},\"query-input\":{\"@type\":\"PropertyValueSpecification\",\"valueRequired\":true,\"valueName\":\"search_term_string\"}}],\"inLanguage\":\"en-US\"},{\"@type\":\"Organization\",\"@id\":\"https:\/\/enecestudio.es\/#organization\",\"name\":\"Enece Studio\",\"url\":\"https:\/\/enecestudio.es\/\",\"logo\":{\"@type\":\"ImageObject\",\"inLanguage\":\"en-US\",\"@id\":\"https:\/\/enecestudio.es\/#\/schema\/logo\/image\/\",\"url\":\"https:\/\/enecestudio.es\/wp-content\/uploads\/2023\/12\/nombre.png\",\"contentUrl\":\"https:\/\/enecestudio.es\/wp-content\/uploads\/2023\/12\/nombre.png\",\"width\":3167,\"height\":828,\"caption\":\"Enece Studio\"},\"image\":{\"@id\":\"https:\/\/enecestudio.es\/#\/schema\/logo\/image\/\"},\"sameAs\":[\"https:\/\/facebook.com\/enece.studio\",\"https:\/\/instagram.com\/enecestudio\"]}]}<\/script>\n<!-- \/ Yoast SEO plugin. -->","yoast_head_json":{"title":"Scuru Cooks - Enece Studio","robots":{"index":"index","follow":"follow","max-snippet":"max-snippet:-1","max-image-preview":"max-image-preview:large","max-video-preview":"max-video-preview:-1"},"canonical":"https:\/\/enecestudio.es\/?page_id=776","og_locale":"en_US","og_type":"article","og_title":"Scuru Cooks - Enece Studio","og_description":"Scuru Cooks \/ CUENTA DE RECETAS Este proyecto constaba del dise\u00f1o de una identidad visual para una cuenta de recetas [&hellip;]","og_url":"https:\/\/enecestudio.es\/?page_id=776","og_site_name":"Enece Studio","article_publisher":"https:\/\/facebook.com\/enece.studio","article_modified_time":"2025-01-14T16:09:40+00:00","og_image":[{"width":1024,"height":1024,"url":"https:\/\/enecestudio.es\/wp-content\/uploads\/2025\/01\/Fotos-Scuru_Mesa-de-trabajo-1-1024x1024.png","type":"image\/png"}],"twitter_card":"summary_large_image","twitter_misc":{"Est. reading time":"1 minute"},"schema":{"@context":"https:\/\/schema.org","@graph":[{"@type":"WebPage","@id":"https:\/\/enecestudio.es\/?page_id=776","url":"https:\/\/enecestudio.es\/?page_id=776","name":"Scuru Cooks - Enece Studio","isPartOf":{"@id":"https:\/\/enecestudio.es\/#website"},"primaryImageOfPage":{"@id":"https:\/\/enecestudio.es\/?page_id=776#primaryimage"},"image":{"@id":"https:\/\/enecestudio.es\/?page_id=776#primaryimage"},"thumbnailUrl":"https:\/\/enecestudio.es\/wp-content\/uploads\/2025\/01\/Fotos-Scuru_Mesa-de-trabajo-1-1024x1024.png","datePublished":"2025-01-10T14:47:23+00:00","dateModified":"2025-01-14T16:09:40+00:00","breadcrumb":{"@id":"https:\/\/enecestudio.es\/?page_id=776#breadcrumb"},"inLanguage":"en-US","potentialAction":[{"@type":"ReadAction","target":["https:\/\/enecestudio.es\/?page_id=776"]}]},{"@type":"ImageObject","inLanguage":"en-US","@id":"https:\/\/enecestudio.es\/?page_id=776#primaryimage","url":"https:\/\/enecestudio.es\/wp-content\/uploads\/2025\/01\/Fotos-Scuru_Mesa-de-trabajo-1.png","contentUrl":"https:\/\/enecestudio.es\/wp-content\/uploads\/2025\/01\/Fotos-Scuru_Mesa-de-trabajo-1.png","width":4500,"height":4500},{"@type":"BreadcrumbList","@id":"https:\/\/enecestudio.es\/?page_id=776#breadcrumb","itemListElement":[{"@type":"ListItem","position":1,"name":"Portada","item":"https:\/\/enecestudio.es\/"},{"@type":"ListItem","position":2,"name":"Scuru Cooks"}]},{"@type":"WebSite","@id":"https:\/\/enecestudio.es\/#website","url":"https:\/\/enecestudio.es\/","name":"Enece Studio","description":"Estudio de Branding en Zaragoza","publisher":{"@id":"https:\/\/enecestudio.es\/#organization"},"potentialAction":[{"@type":"SearchAction","target":{"@type":"EntryPoint","urlTemplate":"https:\/\/enecestudio.es\/?s={search_term_string}"},"query-input":{"@type":"PropertyValueSpecification","valueRequired":true,"valueName":"search_term_string"}}],"inLanguage":"en-US"},{"@type":"Organization","@id":"https:\/\/enecestudio.es\/#organization","name":"Enece Studio","url":"https:\/\/enecestudio.es\/","logo":{"@type":"ImageObject","inLanguage":"en-US","@id":"https:\/\/enecestudio.es\/#\/schema\/logo\/image\/","url":"https:\/\/enecestudio.es\/wp-content\/uploads\/2023\/12\/nombre.png","contentUrl":"https:\/\/enecestudio.es\/wp-content\/uploads\/2023\/12\/nombre.png","width":3167,"height":828,"caption":"Enece Studio"},"image":{"@id":"https:\/\/enecestudio.es\/#\/schema\/logo\/image\/"},"sameAs":["https:\/\/facebook.com\/enece.studio","https:\/\/instagram.com\/enecestudio"]}]}},"_links":{"self":[{"href":"https:\/\/enecestudio.es\/index.php?rest_route=\/wp\/v2\/pages\/776","targetHints":{"allow":["GET"]}}],"collection":[{"href":"https:\/\/enecestudio.es\/index.php?rest_route=\/wp\/v2\/pages"}],"about":[{"href":"https:\/\/enecestudio.es\/index.php?rest_route=\/wp\/v2\/types\/page"}],"author":[{"embeddable":true,"href":"https:\/\/enecestudio.es\/index.php?rest_route=\/wp\/v2\/users\/1"}],"replies":[{"embeddable":true,"href":"https:\/\/enecestudio.es\/index.php?rest_route=%2Fwp%2Fv2%2Fcomments&post=776"}],"version-history":[{"count":10,"href":"https:\/\/enecestudio.es\/index.php?rest_route=\/wp\/v2\/pages\/776\/revisions"}],"predecessor-version":[{"id":1109,"href":"https:\/\/enecestudio.es\/index.php?rest_route=\/wp\/v2\/pages\/776\/revisions\/1109"}],"wp:attachment":[{"href":"https:\/\/enecestudio.es\/index.php?rest_route=%2Fwp%2Fv2%2Fmedia&parent=776"}],"curies":[{"name":"wp","href":"https:\/\/api.w.org\/{rel}","templated":true}]}}